{"id":9772,"date":"2021-06-30T19:40:50","date_gmt":"2021-06-30T18:40:50","guid":{"rendered":"https:\/\/www.thierry-dourdet.com\/?page_id=9772"},"modified":"2022-11-13T12:44:27","modified_gmt":"2022-11-13T11:44:27","slug":"le-catalogue-2","status":"publish","type":"page","link":"https:\/\/www.thierry-dourdet.com\/en\/exhibitions\/2008-area-13-sevigne-in-paris-4th-photographs\/le-catalogue-2\/","title":{"rendered":"Le Catalogue"},"content":{"rendered":"<p style=\"text-align: justify;\">D\u00e8s la porte franchie, on entre dans un univers de couleurs, de foisonnement ; un d\u00e9paysement total, un voyage \u00e0 travers Cuba, l\u2019Am\u00e9rique, Venise, voyage initiatique, images fortes qui r\u00e9v\u00e8lent l\u2019\u00e9motion du photographe, son envie de montrer sa r\u00e9alit\u00e9 des pays visit\u00e9s.<br \/>\nR\u00eaves r\u00e9els se m\u00ealent dans ces clich\u00e9s si personnels aux mises en sc\u00e8ne originales de Thierry Dourdet qui plongent le spectateur au c\u0153ur d\u2019un monde de chaleur, de mis\u00e8re, de beaut\u00e9 u encore du gigantisme, de la vitalit\u00e9 de New-York.<br \/>\nCe regard sur la soci\u00e9t\u00e9 n\u2019est pas d\u00e9nonciation mais t\u00e9moignage. Les symboles sont forts et omnipr\u00e9sents : un capot de Chevrolet en gros plan, image de luxe d\u00e9mod\u00e9 et toujours pr\u00e9sente dans les rues de Cuba. Buenos-Aires la chaleureuse est vue au quotidien ; au d\u00e9tour d\u2019une rue quelques coupures de presse \u00e0 un \u00e9tal \u00e9voquent le souvenir inoubliable de Carlos Gardell comme le r\u00e9v\u00e8le aussi la pr\u00e9sence de son portrait souriant parmi une foule de gants raffin\u00e9s offerts \u00e0 la vente ; amusante proximit\u00e9 !<br \/>\nL\u2019artiste capte les atmosph\u00e8res dans ses photographies lumineuses, vivantes ; certaines semblent des tableaux.<br \/>\nImages prises sur le vif d\u2019une impression esth\u00e9tique, d\u2019une \u00e9motion : un rayon de soleil sur les buildings de Manhattan, les publicit\u00e9s tapageuses \u00e9clairant les avenues de New-York. Avec art, Thierry Dourdet joue avec la g\u00e9om\u00e9trie, avec ombre et lumi\u00e8re.<br \/>\nNicole LAMOTHE<br \/>\nCritique d\u2019art<\/p>\n","protected":false},"excerpt":{"rendered":"<p>D\u00e8s la porte franchie, on entre dans un univers de couleurs, de foisonnement ; un d\u00e9paysement total, un voyage \u00e0 travers Cuba, l\u2019Am\u00e9rique, Venise, voyage initiatique, images fortes qui r\u00e9v\u00e8lent l\u2019\u00e9motion du photographe, son envie de montrer sa r\u00e9alit\u00e9 des pays visit\u00e9s. R\u00eaves r\u00e9els se m\u00ealent dans ces clich\u00e9s si personnels aux mises en sc\u00e8ne [&hellip;]<\/p>\n","protected":false},"author":2,"featured_media":8384,"parent":623,"menu_order":162,"comment_status":"closed","ping_status":"closed","template":"","meta":{"_genesis_hide_title":false,"_genesis_hide_breadcrumbs":false,"_genesis_hide_singular_image":false,"_genesis_hide_footer_widgets":false,"_genesis_custom_body_class":"","_genesis_custom_post_class":"","_genesis_layout":"","ngg_post_thumbnail":0,"footnotes":""},"class_list":{"0":"post-9772","1":"page","2":"type-page","3":"status-publish","4":"has-post-thumbnail","6":"entry"},"yoast_head":"<!-- This site is optimized with the Yoast SEO plugin v27.3 - https:\/\/yoast.com\/product\/yoast-seo-wordpress\/ -->\n<title>Le Catalogue - Thierry DOURDET<\/title>\n<meta name=\"robots\" content=\"index, follow, max-snippet:-1, max-image-preview:large, max-video-preview:-1\" \/>\n<link rel=\"canonical\" href=\"https:\/\/www.thierry-dourdet.com\/en\/exhibitions\/2008-area-13-sevigne-in-paris-4th-photographs\/le-catalogue-2\/\" \/>\n<meta property=\"og:locale\" content=\"en_US\" \/>\n<meta property=\"og:type\" content=\"article\" \/>\n<meta property=\"og:title\" content=\"Le Catalogue - Thierry DOURDET\" \/>\n<meta property=\"og:description\" content=\"D\u00e8s la porte franchie, on entre dans un univers de couleurs, de foisonnement ; un d\u00e9paysement total, un voyage \u00e0 travers Cuba, l\u2019Am\u00e9rique, Venise, voyage initiatique, images fortes qui r\u00e9v\u00e8lent l\u2019\u00e9motion du photographe, son envie de montrer sa r\u00e9alit\u00e9 des pays visit\u00e9s. R\u00eaves r\u00e9els se m\u00ealent dans ces clich\u00e9s si personnels aux mises en sc\u00e8ne [&hellip;]\" \/>\n<meta property=\"og:url\" content=\"https:\/\/www.thierry-dourdet.com\/en\/exhibitions\/2008-area-13-sevigne-in-paris-4th-photographs\/le-catalogue-2\/\" \/>\n<meta property=\"og:site_name\" content=\"Thierry DOURDET\" \/>\n<meta property=\"article:modified_time\" content=\"2022-11-13T11:44:27+00:00\" \/>\n<meta property=\"og:image\" content=\"https:\/\/www.thierry-dourdet.com\/wp-content\/uploads\/2021\/06\/4.jpg\" \/>\n\t<meta property=\"og:image:width\" content=\"1200\" \/>\n\t<meta property=\"og:image:height\" content=\"800\" \/>\n\t<meta property=\"og:image:type\" content=\"image\/jpeg\" \/>\n<script type=\"application\/ld+json\" class=\"yoast-schema-graph\">{\"@context\":\"https:\\\/\\\/schema.org\",\"@graph\":[{\"@type\":\"WebPage\",\"@id\":\"https:\\\/\\\/www.thierry-dourdet.com\\\/en\\\/exhibitions\\\/2008-area-13-sevigne-in-paris-4th-photographs\\\/le-catalogue-2\\\/\",\"url\":\"https:\\\/\\\/www.thierry-dourdet.com\\\/en\\\/exhibitions\\\/2008-area-13-sevigne-in-paris-4th-photographs\\\/le-catalogue-2\\\/\",\"name\":\"Le Catalogue - Thierry DOURDET\",\"isPartOf\":{\"@id\":\"https:\\\/\\\/www.thierry-dourdet.com\\\/en\\\/#website\"},\"primaryImageOfPage\":{\"@id\":\"https:\\\/\\\/www.thierry-dourdet.com\\\/en\\\/exhibitions\\\/2008-area-13-sevigne-in-paris-4th-photographs\\\/le-catalogue-2\\\/#primaryimage\"},\"image\":{\"@id\":\"https:\\\/\\\/www.thierry-dourdet.com\\\/en\\\/exhibitions\\\/2008-area-13-sevigne-in-paris-4th-photographs\\\/le-catalogue-2\\\/#primaryimage\"},\"thumbnailUrl\":\"https:\\\/\\\/www.thierry-dourdet.com\\\/wp-content\\\/uploads\\\/2021\\\/06\\\/4.jpg\",\"datePublished\":\"2021-06-30T18:40:50+00:00\",\"dateModified\":\"2022-11-13T11:44:27+00:00\",\"breadcrumb\":{\"@id\":\"https:\\\/\\\/www.thierry-dourdet.com\\\/en\\\/exhibitions\\\/2008-area-13-sevigne-in-paris-4th-photographs\\\/le-catalogue-2\\\/#breadcrumb\"},\"inLanguage\":\"en-US\",\"potentialAction\":[{\"@type\":\"ReadAction\",\"target\":[\"https:\\\/\\\/www.thierry-dourdet.com\\\/en\\\/exhibitions\\\/2008-area-13-sevigne-in-paris-4th-photographs\\\/le-catalogue-2\\\/\"]}]},{\"@type\":\"ImageObject\",\"inLanguage\":\"en-US\",\"@id\":\"https:\\\/\\\/www.thierry-dourdet.com\\\/en\\\/exhibitions\\\/2008-area-13-sevigne-in-paris-4th-photographs\\\/le-catalogue-2\\\/#primaryimage\",\"url\":\"https:\\\/\\\/www.thierry-dourdet.com\\\/wp-content\\\/uploads\\\/2021\\\/06\\\/4.jpg\",\"contentUrl\":\"https:\\\/\\\/www.thierry-dourdet.com\\\/wp-content\\\/uploads\\\/2021\\\/06\\\/4.jpg\",\"width\":1200,\"height\":800},{\"@type\":\"BreadcrumbList\",\"@id\":\"https:\\\/\\\/www.thierry-dourdet.com\\\/en\\\/exhibitions\\\/2008-area-13-sevigne-in-paris-4th-photographs\\\/le-catalogue-2\\\/#breadcrumb\",\"itemListElement\":[{\"@type\":\"ListItem\",\"position\":1,\"name\":\"Accueil\",\"item\":\"https:\\\/\\\/www.thierry-dourdet.com\\\/en\\\/\"},{\"@type\":\"ListItem\",\"position\":2,\"name\":\"Exhibitions\",\"item\":\"https:\\\/\\\/www.thierry-dourdet.com\\\/en\\\/exhibitions\\\/\"},{\"@type\":\"ListItem\",\"position\":3,\"name\":\"2008. Area 13 S\u00e9vign\u00e9 in Paris 4th &#8220;Photographs&#8221;\",\"item\":\"https:\\\/\\\/www.thierry-dourdet.com\\\/en\\\/exhibitions\\\/2008-area-13-sevigne-in-paris-4th-photographs\\\/\"},{\"@type\":\"ListItem\",\"position\":4,\"name\":\"Le Catalogue\"}]},{\"@type\":\"WebSite\",\"@id\":\"https:\\\/\\\/www.thierry-dourdet.com\\\/en\\\/#website\",\"url\":\"https:\\\/\\\/www.thierry-dourdet.com\\\/en\\\/\",\"name\":\"Thierry DOURDET\",\"description\":\"Photographe Urbain\",\"potentialAction\":[{\"@type\":\"SearchAction\",\"target\":{\"@type\":\"EntryPoint\",\"urlTemplate\":\"https:\\\/\\\/www.thierry-dourdet.com\\\/en\\\/?s={search_term_string}\"},\"query-input\":{\"@type\":\"PropertyValueSpecification\",\"valueRequired\":true,\"valueName\":\"search_term_string\"}}],\"inLanguage\":\"en-US\"}]}<\/script>\n<!-- \/ Yoast SEO plugin. -->","yoast_head_json":{"title":"Le Catalogue - Thierry DOURDET","robots":{"index":"index","follow":"follow","max-snippet":"max-snippet:-1","max-image-preview":"max-image-preview:large","max-video-preview":"max-video-preview:-1"},"canonical":"https:\/\/www.thierry-dourdet.com\/en\/exhibitions\/2008-area-13-sevigne-in-paris-4th-photographs\/le-catalogue-2\/","og_locale":"en_US","og_type":"article","og_title":"Le Catalogue - Thierry DOURDET","og_description":"D\u00e8s la porte franchie, on entre dans un univers de couleurs, de foisonnement ; un d\u00e9paysement total, un voyage \u00e0 travers Cuba, l\u2019Am\u00e9rique, Venise, voyage initiatique, images fortes qui r\u00e9v\u00e8lent l\u2019\u00e9motion du photographe, son envie de montrer sa r\u00e9alit\u00e9 des pays visit\u00e9s. R\u00eaves r\u00e9els se m\u00ealent dans ces clich\u00e9s si personnels aux mises en sc\u00e8ne [&hellip;]","og_url":"https:\/\/www.thierry-dourdet.com\/en\/exhibitions\/2008-area-13-sevigne-in-paris-4th-photographs\/le-catalogue-2\/","og_site_name":"Thierry DOURDET","article_modified_time":"2022-11-13T11:44:27+00:00","og_image":[{"width":1200,"height":800,"url":"https:\/\/www.thierry-dourdet.com\/wp-content\/uploads\/2021\/06\/4.jpg","type":"image\/jpeg"}],"schema":{"@context":"https:\/\/schema.org","@graph":[{"@type":"WebPage","@id":"https:\/\/www.thierry-dourdet.com\/en\/exhibitions\/2008-area-13-sevigne-in-paris-4th-photographs\/le-catalogue-2\/","url":"https:\/\/www.thierry-dourdet.com\/en\/exhibitions\/2008-area-13-sevigne-in-paris-4th-photographs\/le-catalogue-2\/","name":"Le Catalogue - Thierry DOURDET","isPartOf":{"@id":"https:\/\/www.thierry-dourdet.com\/en\/#website"},"primaryImageOfPage":{"@id":"https:\/\/www.thierry-dourdet.com\/en\/exhibitions\/2008-area-13-sevigne-in-paris-4th-photographs\/le-catalogue-2\/#primaryimage"},"image":{"@id":"https:\/\/www.thierry-dourdet.com\/en\/exhibitions\/2008-area-13-sevigne-in-paris-4th-photographs\/le-catalogue-2\/#primaryimage"},"thumbnailUrl":"https:\/\/www.thierry-dourdet.com\/wp-content\/uploads\/2021\/06\/4.jpg","datePublished":"2021-06-30T18:40:50+00:00","dateModified":"2022-11-13T11:44:27+00:00","breadcrumb":{"@id":"https:\/\/www.thierry-dourdet.com\/en\/exhibitions\/2008-area-13-sevigne-in-paris-4th-photographs\/le-catalogue-2\/#breadcrumb"},"inLanguage":"en-US","potentialAction":[{"@type":"ReadAction","target":["https:\/\/www.thierry-dourdet.com\/en\/exhibitions\/2008-area-13-sevigne-in-paris-4th-photographs\/le-catalogue-2\/"]}]},{"@type":"ImageObject","inLanguage":"en-US","@id":"https:\/\/www.thierry-dourdet.com\/en\/exhibitions\/2008-area-13-sevigne-in-paris-4th-photographs\/le-catalogue-2\/#primaryimage","url":"https:\/\/www.thierry-dourdet.com\/wp-content\/uploads\/2021\/06\/4.jpg","contentUrl":"https:\/\/www.thierry-dourdet.com\/wp-content\/uploads\/2021\/06\/4.jpg","width":1200,"height":800},{"@type":"BreadcrumbList","@id":"https:\/\/www.thierry-dourdet.com\/en\/exhibitions\/2008-area-13-sevigne-in-paris-4th-photographs\/le-catalogue-2\/#breadcrumb","itemListElement":[{"@type":"ListItem","position":1,"name":"Accueil","item":"https:\/\/www.thierry-dourdet.com\/en\/"},{"@type":"ListItem","position":2,"name":"Exhibitions","item":"https:\/\/www.thierry-dourdet.com\/en\/exhibitions\/"},{"@type":"ListItem","position":3,"name":"2008. Area 13 S\u00e9vign\u00e9 in Paris 4th &#8220;Photographs&#8221;","item":"https:\/\/www.thierry-dourdet.com\/en\/exhibitions\/2008-area-13-sevigne-in-paris-4th-photographs\/"},{"@type":"ListItem","position":4,"name":"Le Catalogue"}]},{"@type":"WebSite","@id":"https:\/\/www.thierry-dourdet.com\/en\/#website","url":"https:\/\/www.thierry-dourdet.com\/en\/","name":"Thierry DOURDET","description":"Photographe Urbain","potentialAction":[{"@type":"SearchAction","target":{"@type":"EntryPoint","urlTemplate":"https:\/\/www.thierry-dourdet.com\/en\/?s={search_term_string}"},"query-input":{"@type":"PropertyValueSpecification","valueRequired":true,"valueName":"search_term_string"}}],"inLanguage":"en-US"}]}},"_links":{"self":[{"href":"https:\/\/www.thierry-dourdet.com\/en\/wp-json\/wp\/v2\/pages\/9772","targetHints":{"allow":["GET"]}}],"collection":[{"href":"https:\/\/www.thierry-dourdet.com\/en\/wp-json\/wp\/v2\/pages"}],"about":[{"href":"https:\/\/www.thierry-dourdet.com\/en\/wp-json\/wp\/v2\/types\/page"}],"author":[{"embeddable":true,"href":"https:\/\/www.thierry-dourdet.com\/en\/wp-json\/wp\/v2\/users\/2"}],"replies":[{"embeddable":true,"href":"https:\/\/www.thierry-dourdet.com\/en\/wp-json\/wp\/v2\/comments?post=9772"}],"version-history":[{"count":3,"href":"https:\/\/www.thierry-dourdet.com\/en\/wp-json\/wp\/v2\/pages\/9772\/revisions"}],"predecessor-version":[{"id":9775,"href":"https:\/\/www.thierry-dourdet.com\/en\/wp-json\/wp\/v2\/pages\/9772\/revisions\/9775"}],"up":[{"embeddable":true,"href":"https:\/\/www.thierry-dourdet.com\/en\/wp-json\/wp\/v2\/pages\/623"}],"wp:featuredmedia":[{"embeddable":true,"href":"https:\/\/www.thierry-dourdet.com\/en\/wp-json\/wp\/v2\/media\/8384"}],"wp:attachment":[{"href":"https:\/\/www.thierry-dourdet.com\/en\/wp-json\/wp\/v2\/media?parent=9772"}],"curies":[{"name":"wp","href":"https:\/\/api.w.org\/{rel}","templated":true}]}}