{"id":8421,"date":"2021-06-30T16:44:51","date_gmt":"2021-06-30T15:44:51","guid":{"rendered":"https:\/\/www.thierry-dourdet.com\/?page_id=8421"},"modified":"2021-07-08T16:45:47","modified_gmt":"2021-07-08T15:45:47","slug":"la-preface","status":"publish","type":"page","link":"https:\/\/www.thierry-dourdet.com\/en\/works_art\/le-paris-de-la-nouvelle-athenes\/la-preface\/","title":{"rendered":"La Preface"},"content":{"rendered":"<p style=\"text-align: justify;\"><strong>Thierry Dourdet&nbsp;: le regard en libert\u00e9<\/strong><\/p>\n<p style=\"text-align: justify;\"><strong>Thierry Dourdet ne se consid\u00e8re pas comme un photographe professionnel mais reconnait que faire de la photo en semi-pro \u00e9quilibre son m\u00e9tier de promoteur immobilier et r\u00e9ciproquement. Le d\u00e9clic de la passion&nbsp;? La curiosit\u00e9\u2026 est son premier appareil, un Fujika, achet\u00e9 \u00e0 quatorze ans.<\/strong><\/p>\n<p style=\"text-align: justify;\">Depuis, Thierry Dourdet n\u2019a jamais arr\u00eat\u00e9. \u00ab&nbsp;Mon \u0153il est un v\u00e9ritable radar&nbsp;\u00bb, confie-t-il. Aux aguets, il n\u2019a qu\u2019une passion&nbsp;: saisir l\u2019instant pr\u00e9sent. Une exigence qui l\u2019am\u00e8ne \u00e0 prendre ses clich\u00e9s \u00e0 main lev\u00e9e, \u00e0 ne jamais faire deux fois la m\u00eame photo et \u00e0 refuser toute retouche. \u00ab&nbsp;Pour cet artiste, cr\u00e9er n\u2019est pas fabriquer, mais choisir, cadrer, rencontrer un site, une ambiance, une histoire. Thierry Dourdet poss\u00e8de ce regard unique qui capte les atmosph\u00e8res, la p\u00e9rennit\u00e9 des b\u00e2timents anciens ou les instants fugitifs&nbsp;\u00bb, explique la critique d\u2019art Nicole Lamothe. En captant la fugacit\u00e9 de l\u2019existence, le photographe nous raconte une histoire, la sienne, la n\u00f4tre.<\/p>\n<p style=\"text-align: justify;\">Son travail se nourrit d\u2019architecture et d\u2019ambiances multiples&nbsp;: le sel de toute grande ville, et si Paris fut son premier terrain d\u2019investigation, il se mit rapidement \u00e0 sillonner la plan\u00e8te en \u00ab&nbsp;raconteur&nbsp;\u00bb d\u2019images. En 2005, il d\u00e9core son bureau avec ses photos. Celles-ci attirent les commentaires&nbsp;: on lui demande m\u00eame o\u00f9 il les a achet\u00e9es&nbsp;! C\u2019est ainsi qu\u2019il obtient une commande pour des bureaux&nbsp;: d\u2019autres s\u2019encha\u00eeneront, tant son style et ses sujets, en un mot son regard, sont appr\u00e9ci\u00e9s.<\/p>\n<p style=\"text-align: justify;\">Sa premi\u00e8re exposition \u00ab&nbsp;Photographies&nbsp;\u00bb en 2007 \u00e0 la galerie Espace 13 S\u00e9vign\u00e9 lui pemret de montrer une s\u00e9lection de ses plus beaux clich\u00e9s, issus de vingt ans de voyages. Avec \u00ab&nbsp;Paysages Urbains&nbsp;\u00bb en 2014, il d\u00e9voile, au R\u00e9fectoire du Couvent des Cordeliers, une s\u00e9rie des \u00c9tats-Unis \u00e0 Venise, du Mexique au Danemark.<\/p>\n<p style=\"text-align: justify;\">En 2015, le Grand H\u00f4tel du Palais-Royal, dans le 1<sup>er<\/sup> arrondissement, lui confie un reportage pour sa d\u00e9coration&nbsp;: cette promenade en noir et blanc donne lieu \u00e0 son premier ouvrage \u00ab&nbsp;Paris, C\u00f4t\u00e9 Palais-Royal&nbsp;\u00bb. C\u2019est \u00e0 cette occasion que la MNT d\u00e9couvre le travail de Thierry Dourdet et que na\u00eet le projet d\u2019une s\u00e9rie de photos sur une partie de la vie du IXeme arrondissement pour le nouveau si\u00e8ge social de la Mutuelle.<\/p>\n<p style=\"text-align: justify;\">Thierry Dourdet nous offre ici son regard de Parisien, \u00ab&nbsp;charmant et m\u00e9lancolique&nbsp;\u00bb, pos\u00e9 sur un coin de Paris qui l\u2019est tout autant&nbsp;: la Nouvelle Ath\u00e8nes, avec ses derniers artisans, bottiers et luthiers, ses vitrines de p\u00e2tissiers, ses \u00e9tals de primeurs, ses incontournables bistrots, ses th\u00e9\u00e2tres et ses night-clubs connus du monde entier. Un instant de Paris tel qu\u2019on l\u2019aime et qu\u2019on voudrait \u00e9ternel.<\/p>\n","protected":false},"excerpt":{"rendered":"<p>Thierry Dourdet&nbsp;: le regard en libert\u00e9 Thierry Dourdet ne se consid\u00e8re pas comme un photographe professionnel mais reconnait que faire de la photo en semi-pro \u00e9quilibre son m\u00e9tier de promoteur immobilier et r\u00e9ciproquement. Le d\u00e9clic de la passion&nbsp;? La curiosit\u00e9\u2026 est son premier appareil, un Fujika, achet\u00e9 \u00e0 quatorze ans. Depuis, Thierry Dourdet n\u2019a jamais [&hellip;]<\/p>\n","protected":false},"author":1,"featured_media":8318,"parent":7529,"menu_order":193,"comment_status":"closed","ping_status":"closed","template":"","meta":{"_genesis_hide_title":false,"_genesis_hide_breadcrumbs":false,"_genesis_hide_singular_image":false,"_genesis_hide_footer_widgets":false,"_genesis_custom_body_class":"","_genesis_custom_post_class":"","_genesis_layout":"","ngg_post_thumbnail":0,"footnotes":""},"class_list":{"0":"post-8421","1":"page","2":"type-page","3":"status-publish","4":"has-post-thumbnail","6":"entry"},"yoast_head":"<!-- This site is optimized with the Yoast SEO plugin v27.5 - https:\/\/yoast.com\/product\/yoast-seo-wordpress\/ -->\n<title>La Preface - Thierry DOURDET<\/title>\n<meta name=\"robots\" content=\"index, follow, max-snippet:-1, max-image-preview:large, max-video-preview:-1\" \/>\n<link rel=\"canonical\" href=\"https:\/\/www.thierry-dourdet.com\/en\/works_art\/le-paris-de-la-nouvelle-athenes\/la-preface\/\" \/>\n<meta property=\"og:locale\" content=\"en_US\" \/>\n<meta property=\"og:type\" content=\"article\" \/>\n<meta property=\"og:title\" content=\"La Preface - Thierry DOURDET\" \/>\n<meta property=\"og:description\" content=\"Thierry Dourdet&nbsp;: le regard en libert\u00e9 Thierry Dourdet ne se consid\u00e8re pas comme un photographe professionnel mais reconnait que faire de la photo en semi-pro \u00e9quilibre son m\u00e9tier de promoteur immobilier et r\u00e9ciproquement. Le d\u00e9clic de la passion&nbsp;? La curiosit\u00e9\u2026 est son premier appareil, un Fujika, achet\u00e9 \u00e0 quatorze ans. Depuis, Thierry Dourdet n\u2019a jamais [&hellip;]\" \/>\n<meta property=\"og:url\" content=\"https:\/\/www.thierry-dourdet.com\/en\/works_art\/le-paris-de-la-nouvelle-athenes\/la-preface\/\" \/>\n<meta property=\"og:site_name\" content=\"Thierry DOURDET\" \/>\n<meta property=\"article:modified_time\" content=\"2021-07-08T15:45:47+00:00\" \/>\n<meta property=\"og:image\" content=\"https:\/\/www.thierry-dourdet.com\/wp-content\/uploads\/2021\/06\/DSC7768.jpg\" \/>\n\t<meta property=\"og:image:width\" content=\"1200\" \/>\n\t<meta property=\"og:image:height\" content=\"801\" \/>\n\t<meta property=\"og:image:type\" content=\"image\/jpeg\" \/>\n<meta name=\"twitter:label1\" content=\"Est. reading time\" \/>\n\t<meta name=\"twitter:data1\" content=\"2 minutes\" \/>\n<script type=\"application\/ld+json\" class=\"yoast-schema-graph\">{\"@context\":\"https:\\\/\\\/schema.org\",\"@graph\":[{\"@type\":\"WebPage\",\"@id\":\"https:\\\/\\\/www.thierry-dourdet.com\\\/en\\\/works_art\\\/le-paris-de-la-nouvelle-athenes\\\/la-preface\\\/\",\"url\":\"https:\\\/\\\/www.thierry-dourdet.com\\\/en\\\/works_art\\\/le-paris-de-la-nouvelle-athenes\\\/la-preface\\\/\",\"name\":\"La Preface - Thierry DOURDET\",\"isPartOf\":{\"@id\":\"https:\\\/\\\/www.thierry-dourdet.com\\\/en\\\/#website\"},\"primaryImageOfPage\":{\"@id\":\"https:\\\/\\\/www.thierry-dourdet.com\\\/en\\\/works_art\\\/le-paris-de-la-nouvelle-athenes\\\/la-preface\\\/#primaryimage\"},\"image\":{\"@id\":\"https:\\\/\\\/www.thierry-dourdet.com\\\/en\\\/works_art\\\/le-paris-de-la-nouvelle-athenes\\\/la-preface\\\/#primaryimage\"},\"thumbnailUrl\":\"https:\\\/\\\/www.thierry-dourdet.com\\\/wp-content\\\/uploads\\\/2021\\\/06\\\/DSC7768.jpg\",\"datePublished\":\"2021-06-30T15:44:51+00:00\",\"dateModified\":\"2021-07-08T15:45:47+00:00\",\"breadcrumb\":{\"@id\":\"https:\\\/\\\/www.thierry-dourdet.com\\\/en\\\/works_art\\\/le-paris-de-la-nouvelle-athenes\\\/la-preface\\\/#breadcrumb\"},\"inLanguage\":\"en-US\",\"potentialAction\":[{\"@type\":\"ReadAction\",\"target\":[\"https:\\\/\\\/www.thierry-dourdet.com\\\/en\\\/works_art\\\/le-paris-de-la-nouvelle-athenes\\\/la-preface\\\/\"]}]},{\"@type\":\"ImageObject\",\"inLanguage\":\"en-US\",\"@id\":\"https:\\\/\\\/www.thierry-dourdet.com\\\/en\\\/works_art\\\/le-paris-de-la-nouvelle-athenes\\\/la-preface\\\/#primaryimage\",\"url\":\"https:\\\/\\\/www.thierry-dourdet.com\\\/wp-content\\\/uploads\\\/2021\\\/06\\\/DSC7768.jpg\",\"contentUrl\":\"https:\\\/\\\/www.thierry-dourdet.com\\\/wp-content\\\/uploads\\\/2021\\\/06\\\/DSC7768.jpg\",\"width\":1200,\"height\":801},{\"@type\":\"BreadcrumbList\",\"@id\":\"https:\\\/\\\/www.thierry-dourdet.com\\\/en\\\/works_art\\\/le-paris-de-la-nouvelle-athenes\\\/la-preface\\\/#breadcrumb\",\"itemListElement\":[{\"@type\":\"ListItem\",\"position\":1,\"name\":\"Accueil\",\"item\":\"https:\\\/\\\/www.thierry-dourdet.com\\\/en\\\/\"},{\"@type\":\"ListItem\",\"position\":2,\"name\":\"Works Art\",\"item\":\"https:\\\/\\\/www.thierry-dourdet.com\\\/en\\\/works_art\\\/\"},{\"@type\":\"ListItem\",\"position\":3,\"name\":\"Le Pari(s) de la Nouvelle Ath\u00e8nes\",\"item\":\"https:\\\/\\\/www.thierry-dourdet.com\\\/en\\\/works_art\\\/le-paris-de-la-nouvelle-athenes\\\/\"},{\"@type\":\"ListItem\",\"position\":4,\"name\":\"La Preface\"}]},{\"@type\":\"WebSite\",\"@id\":\"https:\\\/\\\/www.thierry-dourdet.com\\\/en\\\/#website\",\"url\":\"https:\\\/\\\/www.thierry-dourdet.com\\\/en\\\/\",\"name\":\"Thierry DOURDET\",\"description\":\"Photographe Urbain\",\"potentialAction\":[{\"@type\":\"SearchAction\",\"target\":{\"@type\":\"EntryPoint\",\"urlTemplate\":\"https:\\\/\\\/www.thierry-dourdet.com\\\/en\\\/?s={search_term_string}\"},\"query-input\":{\"@type\":\"PropertyValueSpecification\",\"valueRequired\":true,\"valueName\":\"search_term_string\"}}],\"inLanguage\":\"en-US\"}]}<\/script>\n<!-- \/ Yoast SEO plugin. -->","yoast_head_json":{"title":"La Preface - Thierry DOURDET","robots":{"index":"index","follow":"follow","max-snippet":"max-snippet:-1","max-image-preview":"max-image-preview:large","max-video-preview":"max-video-preview:-1"},"canonical":"https:\/\/www.thierry-dourdet.com\/en\/works_art\/le-paris-de-la-nouvelle-athenes\/la-preface\/","og_locale":"en_US","og_type":"article","og_title":"La Preface - Thierry DOURDET","og_description":"Thierry Dourdet&nbsp;: le regard en libert\u00e9 Thierry Dourdet ne se consid\u00e8re pas comme un photographe professionnel mais reconnait que faire de la photo en semi-pro \u00e9quilibre son m\u00e9tier de promoteur immobilier et r\u00e9ciproquement. Le d\u00e9clic de la passion&nbsp;? La curiosit\u00e9\u2026 est son premier appareil, un Fujika, achet\u00e9 \u00e0 quatorze ans. Depuis, Thierry Dourdet n\u2019a jamais [&hellip;]","og_url":"https:\/\/www.thierry-dourdet.com\/en\/works_art\/le-paris-de-la-nouvelle-athenes\/la-preface\/","og_site_name":"Thierry DOURDET","article_modified_time":"2021-07-08T15:45:47+00:00","og_image":[{"width":1200,"height":801,"url":"https:\/\/www.thierry-dourdet.com\/wp-content\/uploads\/2021\/06\/DSC7768.jpg","type":"image\/jpeg"}],"twitter_misc":{"Est. reading time":"2 minutes"},"schema":{"@context":"https:\/\/schema.org","@graph":[{"@type":"WebPage","@id":"https:\/\/www.thierry-dourdet.com\/en\/works_art\/le-paris-de-la-nouvelle-athenes\/la-preface\/","url":"https:\/\/www.thierry-dourdet.com\/en\/works_art\/le-paris-de-la-nouvelle-athenes\/la-preface\/","name":"La Preface - Thierry DOURDET","isPartOf":{"@id":"https:\/\/www.thierry-dourdet.com\/en\/#website"},"primaryImageOfPage":{"@id":"https:\/\/www.thierry-dourdet.com\/en\/works_art\/le-paris-de-la-nouvelle-athenes\/la-preface\/#primaryimage"},"image":{"@id":"https:\/\/www.thierry-dourdet.com\/en\/works_art\/le-paris-de-la-nouvelle-athenes\/la-preface\/#primaryimage"},"thumbnailUrl":"https:\/\/www.thierry-dourdet.com\/wp-content\/uploads\/2021\/06\/DSC7768.jpg","datePublished":"2021-06-30T15:44:51+00:00","dateModified":"2021-07-08T15:45:47+00:00","breadcrumb":{"@id":"https:\/\/www.thierry-dourdet.com\/en\/works_art\/le-paris-de-la-nouvelle-athenes\/la-preface\/#breadcrumb"},"inLanguage":"en-US","potentialAction":[{"@type":"ReadAction","target":["https:\/\/www.thierry-dourdet.com\/en\/works_art\/le-paris-de-la-nouvelle-athenes\/la-preface\/"]}]},{"@type":"ImageObject","inLanguage":"en-US","@id":"https:\/\/www.thierry-dourdet.com\/en\/works_art\/le-paris-de-la-nouvelle-athenes\/la-preface\/#primaryimage","url":"https:\/\/www.thierry-dourdet.com\/wp-content\/uploads\/2021\/06\/DSC7768.jpg","contentUrl":"https:\/\/www.thierry-dourdet.com\/wp-content\/uploads\/2021\/06\/DSC7768.jpg","width":1200,"height":801},{"@type":"BreadcrumbList","@id":"https:\/\/www.thierry-dourdet.com\/en\/works_art\/le-paris-de-la-nouvelle-athenes\/la-preface\/#breadcrumb","itemListElement":[{"@type":"ListItem","position":1,"name":"Accueil","item":"https:\/\/www.thierry-dourdet.com\/en\/"},{"@type":"ListItem","position":2,"name":"Works Art","item":"https:\/\/www.thierry-dourdet.com\/en\/works_art\/"},{"@type":"ListItem","position":3,"name":"Le Pari(s) de la Nouvelle Ath\u00e8nes","item":"https:\/\/www.thierry-dourdet.com\/en\/works_art\/le-paris-de-la-nouvelle-athenes\/"},{"@type":"ListItem","position":4,"name":"La Preface"}]},{"@type":"WebSite","@id":"https:\/\/www.thierry-dourdet.com\/en\/#website","url":"https:\/\/www.thierry-dourdet.com\/en\/","name":"Thierry DOURDET","description":"Photographe Urbain","potentialAction":[{"@type":"SearchAction","target":{"@type":"EntryPoint","urlTemplate":"https:\/\/www.thierry-dourdet.com\/en\/?s={search_term_string}"},"query-input":{"@type":"PropertyValueSpecification","valueRequired":true,"valueName":"search_term_string"}}],"inLanguage":"en-US"}]}},"_links":{"self":[{"href":"https:\/\/www.thierry-dourdet.com\/en\/wp-json\/wp\/v2\/pages\/8421","targetHints":{"allow":["GET"]}}],"collection":[{"href":"https:\/\/www.thierry-dourdet.com\/en\/wp-json\/wp\/v2\/pages"}],"about":[{"href":"https:\/\/www.thierry-dourdet.com\/en\/wp-json\/wp\/v2\/types\/page"}],"author":[{"embeddable":true,"href":"https:\/\/www.thierry-dourdet.com\/en\/wp-json\/wp\/v2\/users\/1"}],"replies":[{"embeddable":true,"href":"https:\/\/www.thierry-dourdet.com\/en\/wp-json\/wp\/v2\/comments?post=8421"}],"version-history":[{"count":3,"href":"https:\/\/www.thierry-dourdet.com\/en\/wp-json\/wp\/v2\/pages\/8421\/revisions"}],"predecessor-version":[{"id":8424,"href":"https:\/\/www.thierry-dourdet.com\/en\/wp-json\/wp\/v2\/pages\/8421\/revisions\/8424"}],"up":[{"embeddable":true,"href":"https:\/\/www.thierry-dourdet.com\/en\/wp-json\/wp\/v2\/pages\/7529"}],"wp:featuredmedia":[{"embeddable":true,"href":"https:\/\/www.thierry-dourdet.com\/en\/wp-json\/wp\/v2\/media\/8318"}],"wp:attachment":[{"href":"https:\/\/www.thierry-dourdet.com\/en\/wp-json\/wp\/v2\/media?parent=8421"}],"curies":[{"name":"wp","href":"https:\/\/api.w.org\/{rel}","templated":true}]}}