{"id":8302,"date":"2021-06-30T16:34:29","date_gmt":"2021-06-30T15:34:29","guid":{"rendered":"https:\/\/www.thierry-dourdet.com\/?page_id=8302"},"modified":"2021-07-08T16:46:05","modified_gmt":"2021-07-08T15:46:05","slug":"la-preface","status":"publish","type":"page","link":"https:\/\/www.thierry-dourdet.com\/en\/works_art\/grand-hotel-du-palais-royal\/la-preface\/","title":{"rendered":"La Pr\u00e9face"},"content":{"rendered":"<h4>Thierry DOURDET, Le subjectif de l\u2019objectif<\/h4>\n<p>Passionn\u00e9 de Paris, Thierry Dourdet ne se lasse pas de red\u00e9couvrir ses charmes et secrets au fil de promenades, pour en transmettre l\u2019\u00e2me avec des photographies \u00e0 main lev\u00e9e.<br \/>\nLoin de r\u00e9f\u00e9rences et de r\u00e8gles apprises, ses clich\u00e9s noir et blanc dans lesquels la lumi\u00e8re exalte l\u2019ombre, sont les vecteurs de ses admirations. La photo : une passion qui l\u2019habite depuis ses quatorze ans, p\u00e9riode \u00e0 laquelle il s\u2019offre son premier appareil. Depuis, il n\u2019a cess\u00e9 d\u2019arpenter Paris et d\u2019autres capitales lointaines dont il r\u00e9v\u00e8le le caract\u00e8re, en passionn\u00e9 des paysages urbains.<br \/>\nPour cet artiste, cr\u00e9er n\u2019est pas fabriquer mais choisir, cadrer, rencontrer un site. Thierry Dourdet poss\u00e8de ce regard unique qui capte les atmosph\u00e8res, la p\u00e9rennit\u00e9 de b\u00e2timents anciens ou les instants fugitifs.<br \/>\nLe quartier du Palais-Royal est ici rendu dans sa grandeur et son intimit\u00e9. Le photographe a sillonn\u00e9 les rues, les galeries, le jardin \u00e0 la recherche de l\u2019angle qui sublimera la perspective des arcades, l\u2019opulence des arbres \u00e0 l\u2019abondante frondaison, la vie quotidienne dans des clich\u00e9s o\u00f9 dialoguent les contrastes.<br \/>\nGros plans ou panoramiques, cadrages impr\u00e9vus r\u00e9v\u00e9lateurs de l\u2019esprit des lieux, Thierry Dourdet privil\u00e9gie l\u2019architecture rigoureuse qui, souvent, sert de d\u00e9cor ; il n\u2019h\u00e9site pas \u00e0 r\u00e9aliser un cadrage resserr\u00e9 afin de r\u00e9v\u00e9ler les d\u00e9tails d\u2019une d\u00e9coration, d\u2019une embrasure de porte, de grilles en fer forg\u00e9. On est s\u00e9duit par les mises en sc\u00e8ne parfois th\u00e9\u00e2trales, les jeux de reflets \u00e0 travers la luminosit\u00e9 de vitrines. Une exploration du v\u00e9cu de ce quartier et de la vie contemporaine : ateliers de bottier, de luthier, librairies, restaurants qui ont conserv\u00e9 leur charme.<br \/>\nLa qu\u00eate de lumi\u00e8re s\u2019av\u00e8re permanente pour des \u0153uvres tr\u00e8s graphiques et parfois po\u00e9tiques. Par son regard aiguis\u00e9 et tendre, sa cr\u00e9ation se rapproche de celle d\u2019un peintre : ainsi cet atelier de chausseur con\u00e7u comme une nature morte. Le flou du fond projette la lumi\u00e8re au premier plan o\u00f9 figurent chaussure, pinceaux, bo\u00eetes. Son \u0153il aux aguets retient aussi les petits moments, parfois fugaces, qu\u2019il saisit sur l\u2019instant : silhouettes de passants marchant ou assis \u00e0 des terrasses, \u2026<br \/>\nAu-del\u00e0 de l\u2019image, Thierry Dourdet livre sa r\u00e9flexion sur la vie, le temps qui passe, la pr\u00e9sence et l\u2019absence, symbolis\u00e9s par ces chaises et un banc vide au jardin, comme en attente. Jamais conventionnel, l\u2019art de ce cr\u00e9ateur \u00e9mane d\u2019un regard libre et sensible.<\/p>\n<p>Nicole LAMOTHE<br \/>\nCritique d\u2019art<\/p>\n","protected":false},"excerpt":{"rendered":"<p>Thierry DOURDET, Le subjectif de l\u2019objectif Passionn\u00e9 de Paris, Thierry Dourdet ne se lasse pas de red\u00e9couvrir ses charmes et secrets au fil de promenades, pour en transmettre l\u2019\u00e2me avec des photographies \u00e0 main lev\u00e9e. Loin de r\u00e9f\u00e9rences et de r\u00e8gles apprises, ses clich\u00e9s noir et blanc dans lesquels la lumi\u00e8re exalte l\u2019ombre, sont les [&hellip;]<\/p>\n","protected":false},"author":1,"featured_media":8296,"parent":1862,"menu_order":191,"comment_status":"closed","ping_status":"closed","template":"","meta":{"_genesis_hide_title":false,"_genesis_hide_breadcrumbs":false,"_genesis_hide_singular_image":false,"_genesis_hide_footer_widgets":false,"_genesis_custom_body_class":"","_genesis_custom_post_class":"","_genesis_layout":"","ngg_post_thumbnail":0,"footnotes":""},"class_list":{"0":"post-8302","1":"page","2":"type-page","3":"status-publish","4":"has-post-thumbnail","6":"entry"},"yoast_head":"<!-- This site is optimized with the Yoast SEO plugin v27.4 - https:\/\/yoast.com\/product\/yoast-seo-wordpress\/ -->\n<title>La Pr\u00e9face - Thierry DOURDET<\/title>\n<meta name=\"robots\" content=\"index, follow, max-snippet:-1, max-image-preview:large, max-video-preview:-1\" \/>\n<link rel=\"canonical\" href=\"https:\/\/www.thierry-dourdet.com\/en\/works_art\/grand-hotel-du-palais-royal\/la-preface\/\" \/>\n<meta property=\"og:locale\" content=\"en_US\" \/>\n<meta property=\"og:type\" content=\"article\" \/>\n<meta property=\"og:title\" content=\"La Pr\u00e9face - Thierry DOURDET\" \/>\n<meta property=\"og:description\" content=\"Thierry DOURDET, Le subjectif de l\u2019objectif Passionn\u00e9 de Paris, Thierry Dourdet ne se lasse pas de red\u00e9couvrir ses charmes et secrets au fil de promenades, pour en transmettre l\u2019\u00e2me avec des photographies \u00e0 main lev\u00e9e. Loin de r\u00e9f\u00e9rences et de r\u00e8gles apprises, ses clich\u00e9s noir et blanc dans lesquels la lumi\u00e8re exalte l\u2019ombre, sont les [&hellip;]\" \/>\n<meta property=\"og:url\" content=\"https:\/\/www.thierry-dourdet.com\/en\/works_art\/grand-hotel-du-palais-royal\/la-preface\/\" \/>\n<meta property=\"og:site_name\" content=\"Thierry DOURDET\" \/>\n<meta property=\"article:modified_time\" content=\"2021-07-08T15:46:05+00:00\" \/>\n<meta property=\"og:image\" content=\"https:\/\/www.thierry-dourdet.com\/wp-content\/uploads\/2021\/06\/nggallery_import\/DSC7234.jpg\" \/>\n\t<meta property=\"og:image:width\" content=\"1200\" \/>\n\t<meta property=\"og:image:height\" content=\"798\" \/>\n\t<meta property=\"og:image:type\" content=\"image\/jpeg\" \/>\n<meta name=\"twitter:label1\" content=\"Est. reading time\" \/>\n\t<meta name=\"twitter:data1\" content=\"2 minutes\" \/>\n<script type=\"application\/ld+json\" class=\"yoast-schema-graph\">{\"@context\":\"https:\\\/\\\/schema.org\",\"@graph\":[{\"@type\":\"WebPage\",\"@id\":\"https:\\\/\\\/www.thierry-dourdet.com\\\/en\\\/works_art\\\/grand-hotel-du-palais-royal\\\/la-preface\\\/\",\"url\":\"https:\\\/\\\/www.thierry-dourdet.com\\\/en\\\/works_art\\\/grand-hotel-du-palais-royal\\\/la-preface\\\/\",\"name\":\"La Pr\u00e9face - Thierry DOURDET\",\"isPartOf\":{\"@id\":\"https:\\\/\\\/www.thierry-dourdet.com\\\/en\\\/#website\"},\"primaryImageOfPage\":{\"@id\":\"https:\\\/\\\/www.thierry-dourdet.com\\\/en\\\/works_art\\\/grand-hotel-du-palais-royal\\\/la-preface\\\/#primaryimage\"},\"image\":{\"@id\":\"https:\\\/\\\/www.thierry-dourdet.com\\\/en\\\/works_art\\\/grand-hotel-du-palais-royal\\\/la-preface\\\/#primaryimage\"},\"thumbnailUrl\":\"https:\\\/\\\/www.thierry-dourdet.com\\\/wp-content\\\/uploads\\\/2021\\\/06\\\/nggallery_import\\\/DSC7234.jpg\",\"datePublished\":\"2021-06-30T15:34:29+00:00\",\"dateModified\":\"2021-07-08T15:46:05+00:00\",\"breadcrumb\":{\"@id\":\"https:\\\/\\\/www.thierry-dourdet.com\\\/en\\\/works_art\\\/grand-hotel-du-palais-royal\\\/la-preface\\\/#breadcrumb\"},\"inLanguage\":\"en-US\",\"potentialAction\":[{\"@type\":\"ReadAction\",\"target\":[\"https:\\\/\\\/www.thierry-dourdet.com\\\/en\\\/works_art\\\/grand-hotel-du-palais-royal\\\/la-preface\\\/\"]}]},{\"@type\":\"ImageObject\",\"inLanguage\":\"en-US\",\"@id\":\"https:\\\/\\\/www.thierry-dourdet.com\\\/en\\\/works_art\\\/grand-hotel-du-palais-royal\\\/la-preface\\\/#primaryimage\",\"url\":\"https:\\\/\\\/www.thierry-dourdet.com\\\/wp-content\\\/uploads\\\/2021\\\/06\\\/nggallery_import\\\/DSC7234.jpg\",\"contentUrl\":\"https:\\\/\\\/www.thierry-dourdet.com\\\/wp-content\\\/uploads\\\/2021\\\/06\\\/nggallery_import\\\/DSC7234.jpg\",\"width\":1200,\"height\":798},{\"@type\":\"BreadcrumbList\",\"@id\":\"https:\\\/\\\/www.thierry-dourdet.com\\\/en\\\/works_art\\\/grand-hotel-du-palais-royal\\\/la-preface\\\/#breadcrumb\",\"itemListElement\":[{\"@type\":\"ListItem\",\"position\":1,\"name\":\"Accueil\",\"item\":\"https:\\\/\\\/www.thierry-dourdet.com\\\/en\\\/\"},{\"@type\":\"ListItem\",\"position\":2,\"name\":\"Works Art\",\"item\":\"https:\\\/\\\/www.thierry-dourdet.com\\\/en\\\/works_art\\\/\"},{\"@type\":\"ListItem\",\"position\":3,\"name\":\"Grand H\u00f4tel du Palais-Royal\",\"item\":\"https:\\\/\\\/www.thierry-dourdet.com\\\/en\\\/works_art\\\/grand-hotel-du-palais-royal\\\/\"},{\"@type\":\"ListItem\",\"position\":4,\"name\":\"La Pr\u00e9face\"}]},{\"@type\":\"WebSite\",\"@id\":\"https:\\\/\\\/www.thierry-dourdet.com\\\/en\\\/#website\",\"url\":\"https:\\\/\\\/www.thierry-dourdet.com\\\/en\\\/\",\"name\":\"Thierry DOURDET\",\"description\":\"Photographe Urbain\",\"potentialAction\":[{\"@type\":\"SearchAction\",\"target\":{\"@type\":\"EntryPoint\",\"urlTemplate\":\"https:\\\/\\\/www.thierry-dourdet.com\\\/en\\\/?s={search_term_string}\"},\"query-input\":{\"@type\":\"PropertyValueSpecification\",\"valueRequired\":true,\"valueName\":\"search_term_string\"}}],\"inLanguage\":\"en-US\"}]}<\/script>\n<!-- \/ Yoast SEO plugin. -->","yoast_head_json":{"title":"La Pr\u00e9face - Thierry DOURDET","robots":{"index":"index","follow":"follow","max-snippet":"max-snippet:-1","max-image-preview":"max-image-preview:large","max-video-preview":"max-video-preview:-1"},"canonical":"https:\/\/www.thierry-dourdet.com\/en\/works_art\/grand-hotel-du-palais-royal\/la-preface\/","og_locale":"en_US","og_type":"article","og_title":"La Pr\u00e9face - Thierry DOURDET","og_description":"Thierry DOURDET, Le subjectif de l\u2019objectif Passionn\u00e9 de Paris, Thierry Dourdet ne se lasse pas de red\u00e9couvrir ses charmes et secrets au fil de promenades, pour en transmettre l\u2019\u00e2me avec des photographies \u00e0 main lev\u00e9e. Loin de r\u00e9f\u00e9rences et de r\u00e8gles apprises, ses clich\u00e9s noir et blanc dans lesquels la lumi\u00e8re exalte l\u2019ombre, sont les [&hellip;]","og_url":"https:\/\/www.thierry-dourdet.com\/en\/works_art\/grand-hotel-du-palais-royal\/la-preface\/","og_site_name":"Thierry DOURDET","article_modified_time":"2021-07-08T15:46:05+00:00","og_image":[{"width":1200,"height":798,"url":"https:\/\/www.thierry-dourdet.com\/wp-content\/uploads\/2021\/06\/nggallery_import\/DSC7234.jpg","type":"image\/jpeg"}],"twitter_misc":{"Est. reading time":"2 minutes"},"schema":{"@context":"https:\/\/schema.org","@graph":[{"@type":"WebPage","@id":"https:\/\/www.thierry-dourdet.com\/en\/works_art\/grand-hotel-du-palais-royal\/la-preface\/","url":"https:\/\/www.thierry-dourdet.com\/en\/works_art\/grand-hotel-du-palais-royal\/la-preface\/","name":"La Pr\u00e9face - Thierry DOURDET","isPartOf":{"@id":"https:\/\/www.thierry-dourdet.com\/en\/#website"},"primaryImageOfPage":{"@id":"https:\/\/www.thierry-dourdet.com\/en\/works_art\/grand-hotel-du-palais-royal\/la-preface\/#primaryimage"},"image":{"@id":"https:\/\/www.thierry-dourdet.com\/en\/works_art\/grand-hotel-du-palais-royal\/la-preface\/#primaryimage"},"thumbnailUrl":"https:\/\/www.thierry-dourdet.com\/wp-content\/uploads\/2021\/06\/nggallery_import\/DSC7234.jpg","datePublished":"2021-06-30T15:34:29+00:00","dateModified":"2021-07-08T15:46:05+00:00","breadcrumb":{"@id":"https:\/\/www.thierry-dourdet.com\/en\/works_art\/grand-hotel-du-palais-royal\/la-preface\/#breadcrumb"},"inLanguage":"en-US","potentialAction":[{"@type":"ReadAction","target":["https:\/\/www.thierry-dourdet.com\/en\/works_art\/grand-hotel-du-palais-royal\/la-preface\/"]}]},{"@type":"ImageObject","inLanguage":"en-US","@id":"https:\/\/www.thierry-dourdet.com\/en\/works_art\/grand-hotel-du-palais-royal\/la-preface\/#primaryimage","url":"https:\/\/www.thierry-dourdet.com\/wp-content\/uploads\/2021\/06\/nggallery_import\/DSC7234.jpg","contentUrl":"https:\/\/www.thierry-dourdet.com\/wp-content\/uploads\/2021\/06\/nggallery_import\/DSC7234.jpg","width":1200,"height":798},{"@type":"BreadcrumbList","@id":"https:\/\/www.thierry-dourdet.com\/en\/works_art\/grand-hotel-du-palais-royal\/la-preface\/#breadcrumb","itemListElement":[{"@type":"ListItem","position":1,"name":"Accueil","item":"https:\/\/www.thierry-dourdet.com\/en\/"},{"@type":"ListItem","position":2,"name":"Works Art","item":"https:\/\/www.thierry-dourdet.com\/en\/works_art\/"},{"@type":"ListItem","position":3,"name":"Grand H\u00f4tel du Palais-Royal","item":"https:\/\/www.thierry-dourdet.com\/en\/works_art\/grand-hotel-du-palais-royal\/"},{"@type":"ListItem","position":4,"name":"La Pr\u00e9face"}]},{"@type":"WebSite","@id":"https:\/\/www.thierry-dourdet.com\/en\/#website","url":"https:\/\/www.thierry-dourdet.com\/en\/","name":"Thierry DOURDET","description":"Photographe Urbain","potentialAction":[{"@type":"SearchAction","target":{"@type":"EntryPoint","urlTemplate":"https:\/\/www.thierry-dourdet.com\/en\/?s={search_term_string}"},"query-input":{"@type":"PropertyValueSpecification","valueRequired":true,"valueName":"search_term_string"}}],"inLanguage":"en-US"}]}},"_links":{"self":[{"href":"https:\/\/www.thierry-dourdet.com\/en\/wp-json\/wp\/v2\/pages\/8302","targetHints":{"allow":["GET"]}}],"collection":[{"href":"https:\/\/www.thierry-dourdet.com\/en\/wp-json\/wp\/v2\/pages"}],"about":[{"href":"https:\/\/www.thierry-dourdet.com\/en\/wp-json\/wp\/v2\/types\/page"}],"author":[{"embeddable":true,"href":"https:\/\/www.thierry-dourdet.com\/en\/wp-json\/wp\/v2\/users\/1"}],"replies":[{"embeddable":true,"href":"https:\/\/www.thierry-dourdet.com\/en\/wp-json\/wp\/v2\/comments?post=8302"}],"version-history":[{"count":3,"href":"https:\/\/www.thierry-dourdet.com\/en\/wp-json\/wp\/v2\/pages\/8302\/revisions"}],"predecessor-version":[{"id":8305,"href":"https:\/\/www.thierry-dourdet.com\/en\/wp-json\/wp\/v2\/pages\/8302\/revisions\/8305"}],"up":[{"embeddable":true,"href":"https:\/\/www.thierry-dourdet.com\/en\/wp-json\/wp\/v2\/pages\/1862"}],"wp:featuredmedia":[{"embeddable":true,"href":"https:\/\/www.thierry-dourdet.com\/en\/wp-json\/wp\/v2\/media\/8296"}],"wp:attachment":[{"href":"https:\/\/www.thierry-dourdet.com\/en\/wp-json\/wp\/v2\/media?parent=8302"}],"curies":[{"name":"wp","href":"https:\/\/api.w.org\/{rel}","templated":true}]}}