{"id":6938,"date":"2021-04-19T16:19:00","date_gmt":"2021-04-19T15:19:00","guid":{"rendered":"https:\/\/new.thierry-dourdet.com\/?page_id=6938"},"modified":"2022-11-13T12:56:23","modified_gmt":"2022-11-13T11:56:23","slug":"demarches","status":"publish","type":"page","link":"https:\/\/www.thierry-dourdet.com\/en\/about\/demarches\/","title":{"rendered":"D\u00e9marches"},"content":{"rendered":"<p style=\"text-align: justify;\">La d\u00e9marche de Thierry Dourdet s\u2019illustre par une recherche d\u2019angles infinis traduisant la modernit\u00e9 de notre monde, et par sa fascination pour les formes urbaines.<br \/>\nLa rencontre avec l\u2019impr\u00e9vu caract\u00e9rise son travail, au travers d\u2019histoires qu\u2019il cr\u00e9\u00e9 au fur et \u00e0 mesure de ses d\u00e9ambulations. Le fond sonore musical qui l\u2019accompagne, accentuant sa sensibilit\u00e9 et son regard, devient alors le fil conducteur des images qu\u2019il nous livre, ou plut\u00f4t \u00ab des images qu\u2019il nous raconte \u00bb.<br \/>\nTr\u00e8s rapidement, il va se forger un style personnel en prenant un parti naturaliste qui traque l\u2019excessif des couleurs naturelles, mais aussi en privil\u00e9giant des perspectives inattendues, faisant ressortir des d\u00e9cors improvis\u00e9s. Son \u0153il aguerri, shoote les lignes visuelles qui se croisent et s\u2019\u00e9l\u00e8vent pour habiter l\u2019espace, cr\u00e9er un cadre propice \u00e0 l\u2019imaginaire.<br \/>\nParfois la po\u00e9sie de constructions toutes simples, cern\u00e9es par la Nature, une fois captur\u00e9es par l&#8217;\u0153il du photographe, s\u2019expriment pour acc\u00e9der \u00e0 la dimension des songes les plus troublants.<br \/>\nDans ses sc\u00e9narii solitaires, o\u00f9 transpara\u00eet sa sensibilit\u00e9 \u00e0 fleur de peau, il aime par-dessus tout, se promener au-del\u00e0 du sujet, au travers des histoires qu\u2019il s\u2019imagine. Il offre ainsi aux autres, un instant, certes imaginaire, mais en m\u00eame temps parfaitement juste puisque c\u2019est celui de la construction de sa pens\u00e9e. Car il ne \u00ab shoote \u00bb qu\u2019une seule fois et \u00e0 main lev\u00e9e sa cible. Cela traduit son caract\u00e8re entier, impulsif et intransigeant.<br \/>\nIl aime r\u00e9v\u00e9ler l\u2019encha\u00eenement de formes pos\u00e9es l\u00e0 par le hasard qui, comme il fait bien les choses para\u00eet-il, en arrive \u00e0 nous faire croire que l&#8217;Homme y est pour quelque chose.<br \/>\nPour lui, la photo est une perp\u00e9tuelle sc\u00e8ne de th\u00e9\u00e2tre ou de cin\u00e9ma. Ses sujets prennent forme lorsqu\u2019ils surgissent comme dans une fiction, au moment propice.<br \/>\nParfois Thierry Dourdet a l\u2019air de mettre lui-m\u00eame en sc\u00e8ne ce qu\u2019il capture. Le traitement de l\u2019espace, en particulier dans la s\u00e9rie de clich\u00e9s qu\u2019il ram\u00e8ne de New-York, sugg\u00e8re la puissance, au travers des perspectives spectaculaires, des jeux d\u2019ombres et de lumi\u00e8res.<br \/>\nCette forme d\u2019expression qu\u2019est la photographie, lui sied particuli\u00e8rement. C\u2019est sans doute le seul moment o\u00f9 il go\u00fbte la solitude, sans angoisse, en repoussant la perception au-del\u00e0 du simple domaine du visible. Une perception qui l\u2019absorbe tout entier et o\u00f9 chaque plan est une rencontre.<br \/>\nSans doute, ne cherche-t-il pas \u00e0 illustrer le caract\u00e8re du sujet qu\u2019il photographie, mais la volont\u00e9 d\u2019embellir son mod\u00e8le par une forte teinte d\u2019imaginaire, qui en prolonge son existence au-del\u00e0 de sa r\u00e9alit\u00e9.<br \/>\nLe choix de tirages en grands formats, n\u2019est pas seulement destin\u00e9 aux expositions. Il est aussi un mode d\u2019expression qui prend le pas sur la fonction du sujet, afin de le transporter vers un \u00e9tat extr\u00eame.<br \/>\nCes images fascinent par la mise en exergue de teintes naturellement satur\u00e9es et par la qu\u00eate d\u2019un r\u00e9el excessif des couleurs tel que la nature nous en fait don. Dans le travail de Thierry Dourdet, la couleur mobilise les sens, propre \u00e0 renverser l\u2019effet du r\u00e9el, et \u00e0 imprimer dans notre r\u00e9tine une nouvelle esth\u00e9tique positive et optimiste de la r\u00e9alit\u00e9.<\/p>\n<p style=\"text-align: justify;\">Carole Grou\u00e9sy<\/p>\n","protected":false},"excerpt":{"rendered":"<p>La d\u00e9marche de Thierry Dourdet s\u2019illustre par une recherche d\u2019angles infinis traduisant la modernit\u00e9 de notre monde, et par sa fascination pour les formes urbaines. La rencontre avec l\u2019impr\u00e9vu caract\u00e9rise son travail, au travers d\u2019histoires qu\u2019il cr\u00e9\u00e9 au fur et \u00e0 mesure de ses d\u00e9ambulations. Le fond sonore musical qui l\u2019accompagne, accentuant sa sensibilit\u00e9 et [&hellip;]<\/p>\n","protected":false},"author":1,"featured_media":8352,"parent":2159,"menu_order":166,"comment_status":"closed","ping_status":"closed","template":"","meta":{"_genesis_hide_title":false,"_genesis_hide_breadcrumbs":false,"_genesis_hide_singular_image":false,"_genesis_hide_footer_widgets":false,"_genesis_custom_body_class":"","_genesis_custom_post_class":"","_genesis_layout":"","ngg_post_thumbnail":0,"footnotes":""},"class_list":{"0":"post-6938","1":"page","2":"type-page","3":"status-publish","4":"has-post-thumbnail","6":"entry"},"yoast_head":"<!-- This site is optimized with the Yoast SEO plugin v27.3 - https:\/\/yoast.com\/product\/yoast-seo-wordpress\/ -->\n<title>D\u00e9marches - Thierry DOURDET<\/title>\n<meta name=\"robots\" content=\"index, follow, max-snippet:-1, max-image-preview:large, max-video-preview:-1\" \/>\n<link rel=\"canonical\" href=\"https:\/\/www.thierry-dourdet.com\/en\/about\/demarches\/\" \/>\n<meta property=\"og:locale\" content=\"en_US\" \/>\n<meta property=\"og:type\" content=\"article\" \/>\n<meta property=\"og:title\" content=\"D\u00e9marches - Thierry DOURDET\" \/>\n<meta property=\"og:description\" content=\"La d\u00e9marche de Thierry Dourdet s\u2019illustre par une recherche d\u2019angles infinis traduisant la modernit\u00e9 de notre monde, et par sa fascination pour les formes urbaines. La rencontre avec l\u2019impr\u00e9vu caract\u00e9rise son travail, au travers d\u2019histoires qu\u2019il cr\u00e9\u00e9 au fur et \u00e0 mesure de ses d\u00e9ambulations. Le fond sonore musical qui l\u2019accompagne, accentuant sa sensibilit\u00e9 et [&hellip;]\" \/>\n<meta property=\"og:url\" content=\"https:\/\/www.thierry-dourdet.com\/en\/about\/demarches\/\" \/>\n<meta property=\"og:site_name\" content=\"Thierry DOURDET\" \/>\n<meta property=\"article:modified_time\" content=\"2022-11-13T11:56:23+00:00\" \/>\n<meta property=\"og:image\" content=\"https:\/\/www.thierry-dourdet.com\/wp-content\/uploads\/2021\/06\/DSC7938.jpg\" \/>\n\t<meta property=\"og:image:width\" content=\"1200\" \/>\n\t<meta property=\"og:image:height\" content=\"799\" \/>\n\t<meta property=\"og:image:type\" content=\"image\/jpeg\" \/>\n<meta name=\"twitter:label1\" content=\"Est. reading time\" \/>\n\t<meta name=\"twitter:data1\" content=\"3 minutes\" \/>\n<script type=\"application\/ld+json\" class=\"yoast-schema-graph\">{\"@context\":\"https:\\\/\\\/schema.org\",\"@graph\":[{\"@type\":\"WebPage\",\"@id\":\"https:\\\/\\\/www.thierry-dourdet.com\\\/en\\\/about\\\/demarches\\\/\",\"url\":\"https:\\\/\\\/www.thierry-dourdet.com\\\/en\\\/about\\\/demarches\\\/\",\"name\":\"D\u00e9marches - Thierry DOURDET\",\"isPartOf\":{\"@id\":\"https:\\\/\\\/www.thierry-dourdet.com\\\/en\\\/#website\"},\"primaryImageOfPage\":{\"@id\":\"https:\\\/\\\/www.thierry-dourdet.com\\\/en\\\/about\\\/demarches\\\/#primaryimage\"},\"image\":{\"@id\":\"https:\\\/\\\/www.thierry-dourdet.com\\\/en\\\/about\\\/demarches\\\/#primaryimage\"},\"thumbnailUrl\":\"https:\\\/\\\/www.thierry-dourdet.com\\\/wp-content\\\/uploads\\\/2021\\\/06\\\/DSC7938.jpg\",\"datePublished\":\"2021-04-19T15:19:00+00:00\",\"dateModified\":\"2022-11-13T11:56:23+00:00\",\"breadcrumb\":{\"@id\":\"https:\\\/\\\/www.thierry-dourdet.com\\\/en\\\/about\\\/demarches\\\/#breadcrumb\"},\"inLanguage\":\"en-US\",\"potentialAction\":[{\"@type\":\"ReadAction\",\"target\":[\"https:\\\/\\\/www.thierry-dourdet.com\\\/en\\\/about\\\/demarches\\\/\"]}]},{\"@type\":\"ImageObject\",\"inLanguage\":\"en-US\",\"@id\":\"https:\\\/\\\/www.thierry-dourdet.com\\\/en\\\/about\\\/demarches\\\/#primaryimage\",\"url\":\"https:\\\/\\\/www.thierry-dourdet.com\\\/wp-content\\\/uploads\\\/2021\\\/06\\\/DSC7938.jpg\",\"contentUrl\":\"https:\\\/\\\/www.thierry-dourdet.com\\\/wp-content\\\/uploads\\\/2021\\\/06\\\/DSC7938.jpg\",\"width\":1200,\"height\":799},{\"@type\":\"BreadcrumbList\",\"@id\":\"https:\\\/\\\/www.thierry-dourdet.com\\\/en\\\/about\\\/demarches\\\/#breadcrumb\",\"itemListElement\":[{\"@type\":\"ListItem\",\"position\":1,\"name\":\"Accueil\",\"item\":\"https:\\\/\\\/www.thierry-dourdet.com\\\/en\\\/\"},{\"@type\":\"ListItem\",\"position\":2,\"name\":\"Author\",\"item\":\"https:\\\/\\\/www.thierry-dourdet.com\\\/en\\\/about\\\/\"},{\"@type\":\"ListItem\",\"position\":3,\"name\":\"D\u00e9marches\"}]},{\"@type\":\"WebSite\",\"@id\":\"https:\\\/\\\/www.thierry-dourdet.com\\\/en\\\/#website\",\"url\":\"https:\\\/\\\/www.thierry-dourdet.com\\\/en\\\/\",\"name\":\"Thierry DOURDET\",\"description\":\"Photographe Urbain\",\"potentialAction\":[{\"@type\":\"SearchAction\",\"target\":{\"@type\":\"EntryPoint\",\"urlTemplate\":\"https:\\\/\\\/www.thierry-dourdet.com\\\/en\\\/?s={search_term_string}\"},\"query-input\":{\"@type\":\"PropertyValueSpecification\",\"valueRequired\":true,\"valueName\":\"search_term_string\"}}],\"inLanguage\":\"en-US\"}]}<\/script>\n<!-- \/ Yoast SEO plugin. -->","yoast_head_json":{"title":"D\u00e9marches - Thierry DOURDET","robots":{"index":"index","follow":"follow","max-snippet":"max-snippet:-1","max-image-preview":"max-image-preview:large","max-video-preview":"max-video-preview:-1"},"canonical":"https:\/\/www.thierry-dourdet.com\/en\/about\/demarches\/","og_locale":"en_US","og_type":"article","og_title":"D\u00e9marches - Thierry DOURDET","og_description":"La d\u00e9marche de Thierry Dourdet s\u2019illustre par une recherche d\u2019angles infinis traduisant la modernit\u00e9 de notre monde, et par sa fascination pour les formes urbaines. La rencontre avec l\u2019impr\u00e9vu caract\u00e9rise son travail, au travers d\u2019histoires qu\u2019il cr\u00e9\u00e9 au fur et \u00e0 mesure de ses d\u00e9ambulations. Le fond sonore musical qui l\u2019accompagne, accentuant sa sensibilit\u00e9 et [&hellip;]","og_url":"https:\/\/www.thierry-dourdet.com\/en\/about\/demarches\/","og_site_name":"Thierry DOURDET","article_modified_time":"2022-11-13T11:56:23+00:00","og_image":[{"width":1200,"height":799,"url":"https:\/\/www.thierry-dourdet.com\/wp-content\/uploads\/2021\/06\/DSC7938.jpg","type":"image\/jpeg"}],"twitter_misc":{"Est. reading time":"3 minutes"},"schema":{"@context":"https:\/\/schema.org","@graph":[{"@type":"WebPage","@id":"https:\/\/www.thierry-dourdet.com\/en\/about\/demarches\/","url":"https:\/\/www.thierry-dourdet.com\/en\/about\/demarches\/","name":"D\u00e9marches - Thierry DOURDET","isPartOf":{"@id":"https:\/\/www.thierry-dourdet.com\/en\/#website"},"primaryImageOfPage":{"@id":"https:\/\/www.thierry-dourdet.com\/en\/about\/demarches\/#primaryimage"},"image":{"@id":"https:\/\/www.thierry-dourdet.com\/en\/about\/demarches\/#primaryimage"},"thumbnailUrl":"https:\/\/www.thierry-dourdet.com\/wp-content\/uploads\/2021\/06\/DSC7938.jpg","datePublished":"2021-04-19T15:19:00+00:00","dateModified":"2022-11-13T11:56:23+00:00","breadcrumb":{"@id":"https:\/\/www.thierry-dourdet.com\/en\/about\/demarches\/#breadcrumb"},"inLanguage":"en-US","potentialAction":[{"@type":"ReadAction","target":["https:\/\/www.thierry-dourdet.com\/en\/about\/demarches\/"]}]},{"@type":"ImageObject","inLanguage":"en-US","@id":"https:\/\/www.thierry-dourdet.com\/en\/about\/demarches\/#primaryimage","url":"https:\/\/www.thierry-dourdet.com\/wp-content\/uploads\/2021\/06\/DSC7938.jpg","contentUrl":"https:\/\/www.thierry-dourdet.com\/wp-content\/uploads\/2021\/06\/DSC7938.jpg","width":1200,"height":799},{"@type":"BreadcrumbList","@id":"https:\/\/www.thierry-dourdet.com\/en\/about\/demarches\/#breadcrumb","itemListElement":[{"@type":"ListItem","position":1,"name":"Accueil","item":"https:\/\/www.thierry-dourdet.com\/en\/"},{"@type":"ListItem","position":2,"name":"Author","item":"https:\/\/www.thierry-dourdet.com\/en\/about\/"},{"@type":"ListItem","position":3,"name":"D\u00e9marches"}]},{"@type":"WebSite","@id":"https:\/\/www.thierry-dourdet.com\/en\/#website","url":"https:\/\/www.thierry-dourdet.com\/en\/","name":"Thierry DOURDET","description":"Photographe Urbain","potentialAction":[{"@type":"SearchAction","target":{"@type":"EntryPoint","urlTemplate":"https:\/\/www.thierry-dourdet.com\/en\/?s={search_term_string}"},"query-input":{"@type":"PropertyValueSpecification","valueRequired":true,"valueName":"search_term_string"}}],"inLanguage":"en-US"}]}},"_links":{"self":[{"href":"https:\/\/www.thierry-dourdet.com\/en\/wp-json\/wp\/v2\/pages\/6938","targetHints":{"allow":["GET"]}}],"collection":[{"href":"https:\/\/www.thierry-dourdet.com\/en\/wp-json\/wp\/v2\/pages"}],"about":[{"href":"https:\/\/www.thierry-dourdet.com\/en\/wp-json\/wp\/v2\/types\/page"}],"author":[{"embeddable":true,"href":"https:\/\/www.thierry-dourdet.com\/en\/wp-json\/wp\/v2\/users\/1"}],"replies":[{"embeddable":true,"href":"https:\/\/www.thierry-dourdet.com\/en\/wp-json\/wp\/v2\/comments?post=6938"}],"version-history":[{"count":1,"href":"https:\/\/www.thierry-dourdet.com\/en\/wp-json\/wp\/v2\/pages\/6938\/revisions"}],"predecessor-version":[{"id":6939,"href":"https:\/\/www.thierry-dourdet.com\/en\/wp-json\/wp\/v2\/pages\/6938\/revisions\/6939"}],"up":[{"embeddable":true,"href":"https:\/\/www.thierry-dourdet.com\/en\/wp-json\/wp\/v2\/pages\/2159"}],"wp:featuredmedia":[{"embeddable":true,"href":"https:\/\/www.thierry-dourdet.com\/en\/wp-json\/wp\/v2\/media\/8352"}],"wp:attachment":[{"href":"https:\/\/www.thierry-dourdet.com\/en\/wp-json\/wp\/v2\/media?parent=6938"}],"curies":[{"name":"wp","href":"https:\/\/api.w.org\/{rel}","templated":true}]}}