{"id":6889,"date":"2021-04-19T15:22:11","date_gmt":"2021-04-19T14:22:11","guid":{"rendered":"https:\/\/new.thierry-dourdet.com\/?page_id=6889"},"modified":"2022-11-13T12:56:26","modified_gmt":"2022-11-13T11:56:26","slug":"dates-cles","status":"publish","type":"page","link":"https:\/\/www.thierry-dourdet.com\/en\/about\/dates-cles\/","title":{"rendered":"Dates cl\u00e9s"},"content":{"rendered":"<p style=\"text-align: justify;\">Dates cl\u00e9s de mon parcours :<\/p>\n<ul>\n<li style=\"text-align: justify;\">1976 Achat de mon premier r\u00e9flex : un Fujika<\/li>\n<li style=\"text-align: justify;\">1984 Premier voyage aux Etats-Unis (notamment New York) avec 3 photos \u00ab historiques \u00bb \u00e0 partir de diapositives<\/li>\n<li style=\"text-align: justify;\">1985 Achat d\u2019un Nikon F301<\/li>\n<li style=\"text-align: justify;\">2006 Premi\u00e8re pr\u00e9sentation de mes clich\u00e9s dans une \u00e9cole \u00e0 Paris pour une f\u00eate de charit\u00e9<\/li>\n<li style=\"text-align: justify;\"><a title=\"2008. Espace 13 S\u00e9vign\u00e9 \u00e0 Paris 4\u00e8me \u00ab&nbsp;Photographies&nbsp;\u00bb\" href=\"http:\/\/www.thierry-dourdet.com\/expositions\/espace-13-sevigne-2008\">2008 Premi\u00e8re exposition \u00e0 la Galerie 13 S\u00e9vign\u00e9 Paris 4\u00e8me<\/a><\/li>\n<li style=\"text-align: justify;\">2010 Passage au num\u00e9rique avec l\u2019achat d\u2019un Nikon D3S<\/li>\n<li style=\"text-align: justify;\">2013 Premi\u00e8re commande pour une exposition permanente de 60 photos au Grand H\u00f4tel du Palais Royal Paris 1er<\/li>\n<li style=\"text-align: justify;\"><a title=\"2013. Business Immo \u00e0 Paris 2\u00e8me \u00ab&nbsp;Regard&nbsp;\u00bb\" href=\"http:\/\/www.thierry-dourdet.com\/expositions\/regard-2013\">2013 Exposition chez Business Immo Paris 2\u00e8me<\/a><\/li>\n<li style=\"text-align: justify;\"><a title=\"2014. R\u00e9fectoire Couvent Cordeliers \u00e0 Paris 5\u00e8me \u00ab&nbsp;Paysages Urbains&nbsp;\u00bb\" href=\"http:\/\/www.thierry-dourdet.com\/expositions\/paysages-urbains-2014\">2014 Exposition au R\u00e9fectoire du Couvent des Cordeliers Paris 6\u00e8me<\/a><\/li>\n<li style=\"text-align: justify;\">2014 Ouverture du site internet \u00ab thierry-dourdet.com \u00bb<\/li>\n<li style=\"text-align: justify;\">2014 Premier livre \u00ab <a href=\"https:\/\/www.thierry-dourdet.com\/en\/works_art\/palais-royal\/\">C\u00f4t\u00e9 Palais Royal<\/a> \u00bb (70 clich\u00e9s noir et blanc) pour le Grand H\u00f4tel du Palais Royal<\/li>\n<li>2016 Second livre \u00ab&nbsp;<a href=\"https:\/\/www.thierry-dourdet.com\/en\/works_art\/le-paris-de-la-nouvelle-athenes\/\">Le Paris(s) de la Nouvelle Ath\u00e8nes<\/a>&nbsp;\u00bb (110 clich\u00e9s noir et blanc) pour la Mutuelle Nationale Territoriale<\/li>\n<li>2021 Nouveau site internet \u00ab&nbsp;<a href=\"https:\/\/www.thierry-dourdet.com\/en\/\">thierry-dourdet.com<\/a>&nbsp;\u00bb<\/li>\n<\/ul>\n","protected":false},"excerpt":{"rendered":"<p>Dates cl\u00e9s de mon parcours : 1976 Achat de mon premier r\u00e9flex : un Fujika 1984 Premier voyage aux Etats-Unis (notamment New York) avec 3 photos \u00ab historiques \u00bb \u00e0 partir de diapositives 1985 Achat d\u2019un Nikon F301 2006 Premi\u00e8re pr\u00e9sentation de mes clich\u00e9s dans une \u00e9cole \u00e0 Paris pour une f\u00eate de charit\u00e9 2008 [&hellip;]<\/p>\n","protected":false},"author":1,"featured_media":8354,"parent":2159,"menu_order":168,"comment_status":"closed","ping_status":"closed","template":"","meta":{"_genesis_hide_title":false,"_genesis_hide_breadcrumbs":false,"_genesis_hide_singular_image":false,"_genesis_hide_footer_widgets":false,"_genesis_custom_body_class":"","_genesis_custom_post_class":"","_genesis_layout":"","ngg_post_thumbnail":0,"footnotes":""},"class_list":{"0":"post-6889","1":"page","2":"type-page","3":"status-publish","4":"has-post-thumbnail","6":"entry"},"yoast_head":"<!-- This site is optimized with the Yoast SEO plugin v27.3 - https:\/\/yoast.com\/product\/yoast-seo-wordpress\/ -->\n<title>Dates cl\u00e9s - Thierry DOURDET<\/title>\n<meta name=\"robots\" content=\"index, follow, max-snippet:-1, max-image-preview:large, max-video-preview:-1\" \/>\n<link rel=\"canonical\" href=\"https:\/\/www.thierry-dourdet.com\/en\/about\/dates-cles\/\" \/>\n<meta property=\"og:locale\" content=\"en_US\" \/>\n<meta property=\"og:type\" content=\"article\" \/>\n<meta property=\"og:title\" content=\"Dates cl\u00e9s - Thierry DOURDET\" \/>\n<meta property=\"og:description\" content=\"Dates cl\u00e9s de mon parcours : 1976 Achat de mon premier r\u00e9flex : un Fujika 1984 Premier voyage aux Etats-Unis (notamment New York) avec 3 photos \u00ab historiques \u00bb \u00e0 partir de diapositives 1985 Achat d\u2019un Nikon F301 2006 Premi\u00e8re pr\u00e9sentation de mes clich\u00e9s dans une \u00e9cole \u00e0 Paris pour une f\u00eate de charit\u00e9 2008 [&hellip;]\" \/>\n<meta property=\"og:url\" content=\"https:\/\/www.thierry-dourdet.com\/en\/about\/dates-cles\/\" \/>\n<meta property=\"og:site_name\" content=\"Thierry DOURDET\" \/>\n<meta property=\"article:modified_time\" content=\"2022-11-13T11:56:26+00:00\" \/>\n<meta property=\"og:image\" content=\"https:\/\/www.thierry-dourdet.com\/wp-content\/uploads\/2021\/06\/DSC7871.jpg\" \/>\n\t<meta property=\"og:image:width\" content=\"1200\" \/>\n\t<meta property=\"og:image:height\" content=\"799\" \/>\n\t<meta property=\"og:image:type\" content=\"image\/jpeg\" \/>\n<meta name=\"twitter:label1\" content=\"Est. reading time\" \/>\n\t<meta name=\"twitter:data1\" content=\"1 minute\" \/>\n<script type=\"application\/ld+json\" class=\"yoast-schema-graph\">{\"@context\":\"https:\\\/\\\/schema.org\",\"@graph\":[{\"@type\":\"WebPage\",\"@id\":\"https:\\\/\\\/www.thierry-dourdet.com\\\/en\\\/about\\\/dates-cles\\\/\",\"url\":\"https:\\\/\\\/www.thierry-dourdet.com\\\/en\\\/about\\\/dates-cles\\\/\",\"name\":\"Dates cl\u00e9s - Thierry DOURDET\",\"isPartOf\":{\"@id\":\"https:\\\/\\\/www.thierry-dourdet.com\\\/en\\\/#website\"},\"primaryImageOfPage\":{\"@id\":\"https:\\\/\\\/www.thierry-dourdet.com\\\/en\\\/about\\\/dates-cles\\\/#primaryimage\"},\"image\":{\"@id\":\"https:\\\/\\\/www.thierry-dourdet.com\\\/en\\\/about\\\/dates-cles\\\/#primaryimage\"},\"thumbnailUrl\":\"https:\\\/\\\/www.thierry-dourdet.com\\\/wp-content\\\/uploads\\\/2021\\\/06\\\/DSC7871.jpg\",\"datePublished\":\"2021-04-19T14:22:11+00:00\",\"dateModified\":\"2022-11-13T11:56:26+00:00\",\"breadcrumb\":{\"@id\":\"https:\\\/\\\/www.thierry-dourdet.com\\\/en\\\/about\\\/dates-cles\\\/#breadcrumb\"},\"inLanguage\":\"en-US\",\"potentialAction\":[{\"@type\":\"ReadAction\",\"target\":[\"https:\\\/\\\/www.thierry-dourdet.com\\\/en\\\/about\\\/dates-cles\\\/\"]}]},{\"@type\":\"ImageObject\",\"inLanguage\":\"en-US\",\"@id\":\"https:\\\/\\\/www.thierry-dourdet.com\\\/en\\\/about\\\/dates-cles\\\/#primaryimage\",\"url\":\"https:\\\/\\\/www.thierry-dourdet.com\\\/wp-content\\\/uploads\\\/2021\\\/06\\\/DSC7871.jpg\",\"contentUrl\":\"https:\\\/\\\/www.thierry-dourdet.com\\\/wp-content\\\/uploads\\\/2021\\\/06\\\/DSC7871.jpg\",\"width\":1200,\"height\":799},{\"@type\":\"BreadcrumbList\",\"@id\":\"https:\\\/\\\/www.thierry-dourdet.com\\\/en\\\/about\\\/dates-cles\\\/#breadcrumb\",\"itemListElement\":[{\"@type\":\"ListItem\",\"position\":1,\"name\":\"Accueil\",\"item\":\"https:\\\/\\\/www.thierry-dourdet.com\\\/en\\\/\"},{\"@type\":\"ListItem\",\"position\":2,\"name\":\"Author\",\"item\":\"https:\\\/\\\/www.thierry-dourdet.com\\\/en\\\/about\\\/\"},{\"@type\":\"ListItem\",\"position\":3,\"name\":\"Dates cl\u00e9s\"}]},{\"@type\":\"WebSite\",\"@id\":\"https:\\\/\\\/www.thierry-dourdet.com\\\/en\\\/#website\",\"url\":\"https:\\\/\\\/www.thierry-dourdet.com\\\/en\\\/\",\"name\":\"Thierry DOURDET\",\"description\":\"Photographe Urbain\",\"potentialAction\":[{\"@type\":\"SearchAction\",\"target\":{\"@type\":\"EntryPoint\",\"urlTemplate\":\"https:\\\/\\\/www.thierry-dourdet.com\\\/en\\\/?s={search_term_string}\"},\"query-input\":{\"@type\":\"PropertyValueSpecification\",\"valueRequired\":true,\"valueName\":\"search_term_string\"}}],\"inLanguage\":\"en-US\"}]}<\/script>\n<!-- \/ Yoast SEO plugin. -->","yoast_head_json":{"title":"Dates cl\u00e9s - Thierry DOURDET","robots":{"index":"index","follow":"follow","max-snippet":"max-snippet:-1","max-image-preview":"max-image-preview:large","max-video-preview":"max-video-preview:-1"},"canonical":"https:\/\/www.thierry-dourdet.com\/en\/about\/dates-cles\/","og_locale":"en_US","og_type":"article","og_title":"Dates cl\u00e9s - Thierry DOURDET","og_description":"Dates cl\u00e9s de mon parcours : 1976 Achat de mon premier r\u00e9flex : un Fujika 1984 Premier voyage aux Etats-Unis (notamment New York) avec 3 photos \u00ab historiques \u00bb \u00e0 partir de diapositives 1985 Achat d\u2019un Nikon F301 2006 Premi\u00e8re pr\u00e9sentation de mes clich\u00e9s dans une \u00e9cole \u00e0 Paris pour une f\u00eate de charit\u00e9 2008 [&hellip;]","og_url":"https:\/\/www.thierry-dourdet.com\/en\/about\/dates-cles\/","og_site_name":"Thierry DOURDET","article_modified_time":"2022-11-13T11:56:26+00:00","og_image":[{"width":1200,"height":799,"url":"https:\/\/www.thierry-dourdet.com\/wp-content\/uploads\/2021\/06\/DSC7871.jpg","type":"image\/jpeg"}],"twitter_misc":{"Est. reading time":"1 minute"},"schema":{"@context":"https:\/\/schema.org","@graph":[{"@type":"WebPage","@id":"https:\/\/www.thierry-dourdet.com\/en\/about\/dates-cles\/","url":"https:\/\/www.thierry-dourdet.com\/en\/about\/dates-cles\/","name":"Dates cl\u00e9s - Thierry DOURDET","isPartOf":{"@id":"https:\/\/www.thierry-dourdet.com\/en\/#website"},"primaryImageOfPage":{"@id":"https:\/\/www.thierry-dourdet.com\/en\/about\/dates-cles\/#primaryimage"},"image":{"@id":"https:\/\/www.thierry-dourdet.com\/en\/about\/dates-cles\/#primaryimage"},"thumbnailUrl":"https:\/\/www.thierry-dourdet.com\/wp-content\/uploads\/2021\/06\/DSC7871.jpg","datePublished":"2021-04-19T14:22:11+00:00","dateModified":"2022-11-13T11:56:26+00:00","breadcrumb":{"@id":"https:\/\/www.thierry-dourdet.com\/en\/about\/dates-cles\/#breadcrumb"},"inLanguage":"en-US","potentialAction":[{"@type":"ReadAction","target":["https:\/\/www.thierry-dourdet.com\/en\/about\/dates-cles\/"]}]},{"@type":"ImageObject","inLanguage":"en-US","@id":"https:\/\/www.thierry-dourdet.com\/en\/about\/dates-cles\/#primaryimage","url":"https:\/\/www.thierry-dourdet.com\/wp-content\/uploads\/2021\/06\/DSC7871.jpg","contentUrl":"https:\/\/www.thierry-dourdet.com\/wp-content\/uploads\/2021\/06\/DSC7871.jpg","width":1200,"height":799},{"@type":"BreadcrumbList","@id":"https:\/\/www.thierry-dourdet.com\/en\/about\/dates-cles\/#breadcrumb","itemListElement":[{"@type":"ListItem","position":1,"name":"Accueil","item":"https:\/\/www.thierry-dourdet.com\/en\/"},{"@type":"ListItem","position":2,"name":"Author","item":"https:\/\/www.thierry-dourdet.com\/en\/about\/"},{"@type":"ListItem","position":3,"name":"Dates cl\u00e9s"}]},{"@type":"WebSite","@id":"https:\/\/www.thierry-dourdet.com\/en\/#website","url":"https:\/\/www.thierry-dourdet.com\/en\/","name":"Thierry DOURDET","description":"Photographe Urbain","potentialAction":[{"@type":"SearchAction","target":{"@type":"EntryPoint","urlTemplate":"https:\/\/www.thierry-dourdet.com\/en\/?s={search_term_string}"},"query-input":{"@type":"PropertyValueSpecification","valueRequired":true,"valueName":"search_term_string"}}],"inLanguage":"en-US"}]}},"_links":{"self":[{"href":"https:\/\/www.thierry-dourdet.com\/en\/wp-json\/wp\/v2\/pages\/6889","targetHints":{"allow":["GET"]}}],"collection":[{"href":"https:\/\/www.thierry-dourdet.com\/en\/wp-json\/wp\/v2\/pages"}],"about":[{"href":"https:\/\/www.thierry-dourdet.com\/en\/wp-json\/wp\/v2\/types\/page"}],"author":[{"embeddable":true,"href":"https:\/\/www.thierry-dourdet.com\/en\/wp-json\/wp\/v2\/users\/1"}],"replies":[{"embeddable":true,"href":"https:\/\/www.thierry-dourdet.com\/en\/wp-json\/wp\/v2\/comments?post=6889"}],"version-history":[{"count":6,"href":"https:\/\/www.thierry-dourdet.com\/en\/wp-json\/wp\/v2\/pages\/6889\/revisions"}],"predecessor-version":[{"id":8243,"href":"https:\/\/www.thierry-dourdet.com\/en\/wp-json\/wp\/v2\/pages\/6889\/revisions\/8243"}],"up":[{"embeddable":true,"href":"https:\/\/www.thierry-dourdet.com\/en\/wp-json\/wp\/v2\/pages\/2159"}],"wp:featuredmedia":[{"embeddable":true,"href":"https:\/\/www.thierry-dourdet.com\/en\/wp-json\/wp\/v2\/media\/8354"}],"wp:attachment":[{"href":"https:\/\/www.thierry-dourdet.com\/en\/wp-json\/wp\/v2\/media?parent=6889"}],"curies":[{"name":"wp","href":"https:\/\/api.w.org\/{rel}","templated":true}]}}