{"id":6884,"date":"2021-04-19T15:21:23","date_gmt":"2021-04-19T14:21:23","guid":{"rendered":"https:\/\/new.thierry-dourdet.com\/?page_id=6884"},"modified":"2022-11-13T12:56:19","modified_gmt":"2022-11-13T11:56:19","slug":"cv","status":"publish","type":"page","link":"https:\/\/www.thierry-dourdet.com\/en\/about\/cv\/","title":{"rendered":"Curriculum vit\u00e6"},"content":{"rendered":"<h3 style=\"text-align: justify;\">Curriculum vit\u00e6 de Thierry DOURDET<\/h3>\n<p style=\"text-align: justify;\"><img loading=\"lazy\" decoding=\"async\" class=\"alignleft size-medium wp-image-3265\" src=\"http:\/\/www.thierry-dourdet.com\/wp-content\/uploads\/2014\/09\/DSC0163-v2nbmini-199x300.jpg\" alt=\"_DSC0163 v2nbmini\" width=\"199\" height=\"300\" srcset=\"https:\/\/www.thierry-dourdet.com\/wp-content\/uploads\/2014\/09\/DSC0163-v2nbmini-199x300.jpg 199w, https:\/\/www.thierry-dourdet.com\/wp-content\/uploads\/2014\/09\/DSC0163-v2nbmini.jpg 433w\" sizes=\"auto, (max-width: 199px) 100vw, 199px\" \/>N\u00e9 le 30 d\u00e9cembre 1962, \u00e0 Paris, j\u2019ai eu le bonheur de vivre toute ma jeunesse au c\u0153ur du vieux Paris. Je me promenais souvent dans le Marais et l\u2019Ile Saint Louis, mes lieux de pr\u00e9dilection. Je pense, avec le recul, que ces nombreux moments de d\u00e9ambulation ont forg\u00e9 mon regard sur l\u2019urbain, sous toutes ses formes. Tr\u00e8s t\u00f4t \u00e9galement, j\u2019ai dessin\u00e9 des perspectives et des fa\u00e7ades d\u2019immeubles.<br \/>\nLe go\u00fbt de la photo m\u2019est donc venu progressivement. C\u2019est \u00e0 14 ans que j\u2019ai achet\u00e9 mon premier reflex (un Fujica). Depuis, je n\u2019ai cess\u00e9 de prendre des photos.<br \/>\nD\u00e9marrant par la diapositive, poursuivant par le n\u00e9gatif, j\u2019ai travaill\u00e9 en argentique (avec un Nikon F301) jusqu\u2019en 2010. Je suis pass\u00e9 au num\u00e9rique (gr\u00e2ce \u00e0 un Nikon D3S) \u00e0 cette p\u00e9riode et m\u2019ouvrir de nouvelles possibilit\u00e9s. Toutefois, je suis rest\u00e9 fid\u00e8le \u00e0 ma fa\u00e7on de travailler : je ne shoote qu\u2019une seule fois, \u00e0 main lev\u00e9e et instinctivement. Si la photo est r\u00e9ussie, c\u2019est formidable. Si elle n\u2019exprime pas ce que j\u2019ai ressenti, c\u2019est que je n\u2019ai pas su saisir \u00ab l\u2019instant \u00bb. Je n\u2019ai pas envie de faire dix clich\u00e9s du m\u00eame sujet pour s\u00e9lectionner le meilleur. \u00ab <em>La beaut\u00e9 de l\u2019unicit\u00e9 d\u00e9passe celle du r\u00e9sultat<\/em> \u00bb.<br \/>\nC\u2019est dans cette m\u00eame d\u00e9marche que j\u2019ai d\u00e9cid\u00e9, depuis que j\u2019expose, de limiter mes tirages. Je privil\u00e9gie une approche artistique plut\u00f4t que commerciale, afin de placer mes clich\u00e9s dans la qualit\u00e9 comme en t\u00e9moigne le choix du type d\u2019encadrement (diasec). Je pr\u00e9f\u00e8re privil\u00e9gier une dimension humaine en choisissant de num\u00e9roter mes r\u00e9alisations (8 tirages + 1 \u00e9preuve d\u2019artiste). De m\u00eame, l\u2019agrandissement de mes tirages (80&#215;120 et 120&#215;180) vient achever mon travail de composition, lui donnant plus de couleur, de force et de v\u00e9rit\u00e9.<br \/>\nIl en est de m\u00eame pour les retouches qui se limitent au strict minimum. La v\u00e9rit\u00e9 des clich\u00e9s est un fil conducteur de mon parcours photographique afin que le public retrouve et partage l\u2019\u00e9motion de l\u2019original. Quel bonheur si le visiteur s\u2019approprie l\u2019image et la retraduit dans son langage, dans sa sensibilit\u00e9, dans ses souvenirs de voyages communs. La communion dans ce cas, entre celui qui fait la photo et celui qui la regarde, fait na\u00eetre dans ce cas, l\u2019Art de la photographie.<br \/>\nObservateurs et curieux, mes yeux sont \u00e0 l\u2019aff\u00fbt d\u2019images, de couleurs et de sensations. Mon regard, alors, se fixe sur un cadre pr\u00e9cis, \u00e0 travers mon viseur. Je ne recherche pas le \u00ab choc des photos \u00bb mais leur \u00e2me, leur sensibilit\u00e9. Les points de vues et angles originaux, la structuration des prises de vues, les lignes, la profondeur, la luminosit\u00e9 ne doivent \u00eatre que le support \u00e0 ce que j\u2019ai d\u2019abord ressenti puis photographi\u00e9. Chaque clich\u00e9 est une exp\u00e9rience, apportant la preuve tangible que la r\u00e9alit\u00e9 peut \u00eatre sublim\u00e9e par un regard.<br \/>\nMes photos sont instinctives, spontan\u00e9es, J\u2019aime le cin\u00e9ma, ma fa\u00e7on de photographier n\u2019y est pas \u00e9trang\u00e8re car j\u2019associe les images \u00e0 une histoire que j\u2019imagine tout en \u00e9coutant de la musique et mes photos traduisent l\u2019expression de ces mises en sc\u00e8nes.<br \/>\nMon domaine de pr\u00e9dilection est la Ville, l\u2019Urbain dans toute son expression : l\u2019architecture, les rues, les fa\u00e7ades, les murs, les d\u00e9cors qui construisent sa personnalit\u00e9. Ces notions renvoient \u00e0 des lieux, des formes spatiales, des paysages qui constituent \u00e0 la fois la g\u00e9ographie et la sociologie urbaine.<br \/>\nJ\u2019aime particuli\u00e8rement les sc\u00e8nes th\u00e9\u00e2trales, les ombres et les couleurs vives. Ma vie professionnelle dans l\u2019immobilier a renforc\u00e9e cette attirance pour les cit\u00e9s. Je m\u2019int\u00e9resse \u00e0 ces lieux o\u00f9 l\u2019on vit, o\u00f9 l\u2019on travaille, o\u00f9 l\u2019on aime. C\u2019est ce lien avec nous m\u00eame que j\u2019essaie de retraduire dans la fa\u00e7on de prendre mes photos.<br \/>\nFondamentalement, j\u2019ai envie que mes clich\u00e9s soient compr\u00e9hensibles par tous, comme un langage universel, positif et optimiste.<br \/>\nJ\u2019aime avant tout \u00ab <em>faire de la photo pour le plaisir des yeux et du c\u0153ur<\/em> \u00bb.<\/p>\n<p style=\"text-align: justify;\">\u00ab <em>Cela fait partie du travail du photographe de voir plus intens\u00e9ment que la plupart des gens. Il doit avoir et garder en lui quelque chose de la r\u00e9ceptivit\u00e9 de l&#8217;enfant qui regarde le monde pour la premi\u00e8re fois ou du voyageur qui p\u00e9n\u00e8tre dans un pays \u00e9trange<\/em>. \u00bb &#8211; Bill Brandt<\/p>\n","protected":false},"excerpt":{"rendered":"<p>Curriculum vit\u00e6 de Thierry DOURDET N\u00e9 le 30 d\u00e9cembre 1962, \u00e0 Paris, j\u2019ai eu le bonheur de vivre toute ma jeunesse au c\u0153ur du vieux Paris. Je me promenais souvent dans le Marais et l\u2019Ile Saint Louis, mes lieux de pr\u00e9dilection. Je pense, avec le recul, que ces nombreux moments de d\u00e9ambulation ont forg\u00e9 mon [&hellip;]<\/p>\n","protected":false},"author":1,"featured_media":3266,"parent":2159,"menu_order":164,"comment_status":"closed","ping_status":"closed","template":"","meta":{"_genesis_hide_title":false,"_genesis_hide_breadcrumbs":false,"_genesis_hide_singular_image":false,"_genesis_hide_footer_widgets":false,"_genesis_custom_body_class":"","_genesis_custom_post_class":"","_genesis_layout":"","ngg_post_thumbnail":0,"footnotes":""},"class_list":{"0":"post-6884","1":"page","2":"type-page","3":"status-publish","4":"has-post-thumbnail","6":"entry"},"yoast_head":"<!-- This site is optimized with the Yoast SEO plugin v27.3 - https:\/\/yoast.com\/product\/yoast-seo-wordpress\/ -->\n<title>Curriculum vit\u00e6 - Thierry DOURDET<\/title>\n<meta name=\"robots\" content=\"index, follow, max-snippet:-1, max-image-preview:large, max-video-preview:-1\" \/>\n<link rel=\"canonical\" href=\"https:\/\/www.thierry-dourdet.com\/en\/about\/cv\/\" \/>\n<meta property=\"og:locale\" content=\"en_US\" \/>\n<meta property=\"og:type\" content=\"article\" \/>\n<meta property=\"og:title\" content=\"Curriculum vit\u00e6 - Thierry DOURDET\" \/>\n<meta property=\"og:description\" content=\"Curriculum vit\u00e6 de Thierry DOURDET N\u00e9 le 30 d\u00e9cembre 1962, \u00e0 Paris, j\u2019ai eu le bonheur de vivre toute ma jeunesse au c\u0153ur du vieux Paris. Je me promenais souvent dans le Marais et l\u2019Ile Saint Louis, mes lieux de pr\u00e9dilection. Je pense, avec le recul, que ces nombreux moments de d\u00e9ambulation ont forg\u00e9 mon [&hellip;]\" \/>\n<meta property=\"og:url\" content=\"https:\/\/www.thierry-dourdet.com\/en\/about\/cv\/\" \/>\n<meta property=\"og:site_name\" content=\"Thierry DOURDET\" \/>\n<meta property=\"article:modified_time\" content=\"2022-11-13T11:56:19+00:00\" \/>\n<meta property=\"og:image\" content=\"https:\/\/www.thierry-dourdet.com\/wp-content\/uploads\/2014\/09\/DSC0163-v2nbmini.jpg\" \/>\n\t<meta property=\"og:image:width\" content=\"433\" \/>\n\t<meta property=\"og:image:height\" content=\"652\" \/>\n\t<meta property=\"og:image:type\" content=\"image\/jpeg\" \/>\n<meta name=\"twitter:label1\" content=\"Est. reading time\" \/>\n\t<meta name=\"twitter:data1\" content=\"4 minutes\" \/>\n<script type=\"application\/ld+json\" class=\"yoast-schema-graph\">{\"@context\":\"https:\\\/\\\/schema.org\",\"@graph\":[{\"@type\":\"WebPage\",\"@id\":\"https:\\\/\\\/www.thierry-dourdet.com\\\/en\\\/about\\\/cv\\\/\",\"url\":\"https:\\\/\\\/www.thierry-dourdet.com\\\/en\\\/about\\\/cv\\\/\",\"name\":\"Curriculum vit\u00e6 - Thierry DOURDET\",\"isPartOf\":{\"@id\":\"https:\\\/\\\/www.thierry-dourdet.com\\\/en\\\/#website\"},\"primaryImageOfPage\":{\"@id\":\"https:\\\/\\\/www.thierry-dourdet.com\\\/en\\\/about\\\/cv\\\/#primaryimage\"},\"image\":{\"@id\":\"https:\\\/\\\/www.thierry-dourdet.com\\\/en\\\/about\\\/cv\\\/#primaryimage\"},\"thumbnailUrl\":\"https:\\\/\\\/www.thierry-dourdet.com\\\/wp-content\\\/uploads\\\/2014\\\/09\\\/DSC0163-v2nbmini.jpg\",\"datePublished\":\"2021-04-19T14:21:23+00:00\",\"dateModified\":\"2022-11-13T11:56:19+00:00\",\"breadcrumb\":{\"@id\":\"https:\\\/\\\/www.thierry-dourdet.com\\\/en\\\/about\\\/cv\\\/#breadcrumb\"},\"inLanguage\":\"en-US\",\"potentialAction\":[{\"@type\":\"ReadAction\",\"target\":[\"https:\\\/\\\/www.thierry-dourdet.com\\\/en\\\/about\\\/cv\\\/\"]}]},{\"@type\":\"ImageObject\",\"inLanguage\":\"en-US\",\"@id\":\"https:\\\/\\\/www.thierry-dourdet.com\\\/en\\\/about\\\/cv\\\/#primaryimage\",\"url\":\"https:\\\/\\\/www.thierry-dourdet.com\\\/wp-content\\\/uploads\\\/2014\\\/09\\\/DSC0163-v2nbmini.jpg\",\"contentUrl\":\"https:\\\/\\\/www.thierry-dourdet.com\\\/wp-content\\\/uploads\\\/2014\\\/09\\\/DSC0163-v2nbmini.jpg\",\"width\":433,\"height\":652},{\"@type\":\"BreadcrumbList\",\"@id\":\"https:\\\/\\\/www.thierry-dourdet.com\\\/en\\\/about\\\/cv\\\/#breadcrumb\",\"itemListElement\":[{\"@type\":\"ListItem\",\"position\":1,\"name\":\"Accueil\",\"item\":\"https:\\\/\\\/www.thierry-dourdet.com\\\/en\\\/\"},{\"@type\":\"ListItem\",\"position\":2,\"name\":\"Author\",\"item\":\"https:\\\/\\\/www.thierry-dourdet.com\\\/en\\\/about\\\/\"},{\"@type\":\"ListItem\",\"position\":3,\"name\":\"Curriculum vit\u00e6\"}]},{\"@type\":\"WebSite\",\"@id\":\"https:\\\/\\\/www.thierry-dourdet.com\\\/en\\\/#website\",\"url\":\"https:\\\/\\\/www.thierry-dourdet.com\\\/en\\\/\",\"name\":\"Thierry DOURDET\",\"description\":\"Photographe Urbain\",\"potentialAction\":[{\"@type\":\"SearchAction\",\"target\":{\"@type\":\"EntryPoint\",\"urlTemplate\":\"https:\\\/\\\/www.thierry-dourdet.com\\\/en\\\/?s={search_term_string}\"},\"query-input\":{\"@type\":\"PropertyValueSpecification\",\"valueRequired\":true,\"valueName\":\"search_term_string\"}}],\"inLanguage\":\"en-US\"}]}<\/script>\n<!-- \/ Yoast SEO plugin. -->","yoast_head_json":{"title":"Curriculum vit\u00e6 - Thierry DOURDET","robots":{"index":"index","follow":"follow","max-snippet":"max-snippet:-1","max-image-preview":"max-image-preview:large","max-video-preview":"max-video-preview:-1"},"canonical":"https:\/\/www.thierry-dourdet.com\/en\/about\/cv\/","og_locale":"en_US","og_type":"article","og_title":"Curriculum vit\u00e6 - Thierry DOURDET","og_description":"Curriculum vit\u00e6 de Thierry DOURDET N\u00e9 le 30 d\u00e9cembre 1962, \u00e0 Paris, j\u2019ai eu le bonheur de vivre toute ma jeunesse au c\u0153ur du vieux Paris. Je me promenais souvent dans le Marais et l\u2019Ile Saint Louis, mes lieux de pr\u00e9dilection. Je pense, avec le recul, que ces nombreux moments de d\u00e9ambulation ont forg\u00e9 mon [&hellip;]","og_url":"https:\/\/www.thierry-dourdet.com\/en\/about\/cv\/","og_site_name":"Thierry DOURDET","article_modified_time":"2022-11-13T11:56:19+00:00","og_image":[{"width":433,"height":652,"url":"https:\/\/www.thierry-dourdet.com\/wp-content\/uploads\/2014\/09\/DSC0163-v2nbmini.jpg","type":"image\/jpeg"}],"twitter_misc":{"Est. reading time":"4 minutes"},"schema":{"@context":"https:\/\/schema.org","@graph":[{"@type":"WebPage","@id":"https:\/\/www.thierry-dourdet.com\/en\/about\/cv\/","url":"https:\/\/www.thierry-dourdet.com\/en\/about\/cv\/","name":"Curriculum vit\u00e6 - Thierry DOURDET","isPartOf":{"@id":"https:\/\/www.thierry-dourdet.com\/en\/#website"},"primaryImageOfPage":{"@id":"https:\/\/www.thierry-dourdet.com\/en\/about\/cv\/#primaryimage"},"image":{"@id":"https:\/\/www.thierry-dourdet.com\/en\/about\/cv\/#primaryimage"},"thumbnailUrl":"https:\/\/www.thierry-dourdet.com\/wp-content\/uploads\/2014\/09\/DSC0163-v2nbmini.jpg","datePublished":"2021-04-19T14:21:23+00:00","dateModified":"2022-11-13T11:56:19+00:00","breadcrumb":{"@id":"https:\/\/www.thierry-dourdet.com\/en\/about\/cv\/#breadcrumb"},"inLanguage":"en-US","potentialAction":[{"@type":"ReadAction","target":["https:\/\/www.thierry-dourdet.com\/en\/about\/cv\/"]}]},{"@type":"ImageObject","inLanguage":"en-US","@id":"https:\/\/www.thierry-dourdet.com\/en\/about\/cv\/#primaryimage","url":"https:\/\/www.thierry-dourdet.com\/wp-content\/uploads\/2014\/09\/DSC0163-v2nbmini.jpg","contentUrl":"https:\/\/www.thierry-dourdet.com\/wp-content\/uploads\/2014\/09\/DSC0163-v2nbmini.jpg","width":433,"height":652},{"@type":"BreadcrumbList","@id":"https:\/\/www.thierry-dourdet.com\/en\/about\/cv\/#breadcrumb","itemListElement":[{"@type":"ListItem","position":1,"name":"Accueil","item":"https:\/\/www.thierry-dourdet.com\/en\/"},{"@type":"ListItem","position":2,"name":"Author","item":"https:\/\/www.thierry-dourdet.com\/en\/about\/"},{"@type":"ListItem","position":3,"name":"Curriculum vit\u00e6"}]},{"@type":"WebSite","@id":"https:\/\/www.thierry-dourdet.com\/en\/#website","url":"https:\/\/www.thierry-dourdet.com\/en\/","name":"Thierry DOURDET","description":"Photographe Urbain","potentialAction":[{"@type":"SearchAction","target":{"@type":"EntryPoint","urlTemplate":"https:\/\/www.thierry-dourdet.com\/en\/?s={search_term_string}"},"query-input":{"@type":"PropertyValueSpecification","valueRequired":true,"valueName":"search_term_string"}}],"inLanguage":"en-US"}]}},"_links":{"self":[{"href":"https:\/\/www.thierry-dourdet.com\/en\/wp-json\/wp\/v2\/pages\/6884","targetHints":{"allow":["GET"]}}],"collection":[{"href":"https:\/\/www.thierry-dourdet.com\/en\/wp-json\/wp\/v2\/pages"}],"about":[{"href":"https:\/\/www.thierry-dourdet.com\/en\/wp-json\/wp\/v2\/types\/page"}],"author":[{"embeddable":true,"href":"https:\/\/www.thierry-dourdet.com\/en\/wp-json\/wp\/v2\/users\/1"}],"replies":[{"embeddable":true,"href":"https:\/\/www.thierry-dourdet.com\/en\/wp-json\/wp\/v2\/comments?post=6884"}],"version-history":[{"count":1,"href":"https:\/\/www.thierry-dourdet.com\/en\/wp-json\/wp\/v2\/pages\/6884\/revisions"}],"predecessor-version":[{"id":6885,"href":"https:\/\/www.thierry-dourdet.com\/en\/wp-json\/wp\/v2\/pages\/6884\/revisions\/6885"}],"up":[{"embeddable":true,"href":"https:\/\/www.thierry-dourdet.com\/en\/wp-json\/wp\/v2\/pages\/2159"}],"wp:featuredmedia":[{"embeddable":true,"href":"https:\/\/www.thierry-dourdet.com\/en\/wp-json\/wp\/v2\/media\/3266"}],"wp:attachment":[{"href":"https:\/\/www.thierry-dourdet.com\/en\/wp-json\/wp\/v2\/media?parent=6884"}],"curies":[{"name":"wp","href":"https:\/\/api.w.org\/{rel}","templated":true}]}}