{"id":674,"date":"2014-09-07T16:49:48","date_gmt":"2014-09-07T15:49:48","guid":{"rendered":"http:\/\/www.thierry-dourdet.com\/?page_id=674"},"modified":"2017-10-31T01:00:21","modified_gmt":"2017-10-31T00:00:21","slug":"mentions-legales","status":"publish","type":"page","link":"https:\/\/www.thierry-dourdet.com\/en\/mentions-legales\/","title":{"rendered":"Mentions l\u00e9gales"},"content":{"rendered":"<p style=\"text-align: justify;\">Editeur du site : Thierry DOURDET<br \/>\nDirecteur de publication : Thierry DOURDET<br \/>\nAdresse exploit\u00e9e pour le site : <a href=\"http:\/\/www.thierry-dourdet.com\">http:\/\/www.thierry-dourdet.com<\/a><br \/>\nMoteur du site : WordPress\u2122 &#8211; <a href=\"http:\/\/fr.wordpress.com\/\">http:\/\/www.wordpress.com<\/a><br \/>\nH\u00e9bergement : Ovh &#8211; <a href=\"http:\/\/www.ovh.com\">http:\/\/www.ovh.com<\/a><\/p>\n<p style=\"text-align: justify;\">L&#8217;ensemble de ce site rel\u00e8ve des l\u00e9gislations fran\u00e7aise et internationale sur le droit d&#8217;auteur et la propri\u00e9t\u00e9 intellectuelle. Tous les droits de reproduction sont r\u00e9serv\u00e9s, y compris pour les documents iconographiques et photographiques.<\/p>\n<p style=\"text-align: justify;\">La reproduction de tout ou partie de ce site sur un support \u00e9lectronique quel qu&#8217;il soit est formellement interdite sauf autorisation expresse du directeur de la publication.<\/p>\n<p style=\"text-align: justify;\">En cas d\u2019accord de votre part lors de la soumission de donn\u00e9es nominatives, les donn\u00e9es personnelles vous concernant sont int\u00e9gr\u00e9es dans notre base de donn\u00e9es de contacts. Cette base de donn\u00e9es est r\u00e9serv\u00e9e \u00e0 un usage interne et ne sera en aucun cas c\u00e9d\u00e9 \u00e0 des tiers.<\/p>\n<p style=\"text-align: justify;\">Vous disposez d&#8217;un droit d&#8217;acc\u00e8s, de modification, de rectification et de suppression des donn\u00e9es vous concernant.<\/p>\n<p style=\"text-align: justify;\">Pour exercer ce droit, il vous suffit de nous contacter par mail : <a href=\"mailto:contact@thierry-dourdet.com\">contact@thierry-dourdet.com<\/a> ou d\u2019\u00e9crire via le formulaire de contact disponible <a title=\"Contact\" href=\"http:\/\/www.thierry-dourdet.com\/contact\">ici<\/a>.<\/p>\n<p style=\"text-align: justify;\">&#8220;Thierry DOURDET&#8221; peut proposer \u00e9ventuellement sur ce site web un certain nombre de liens hypertextes vers des sites partenaires, &#8220;Thierry DOURDET&#8221; n\u2019est pas responsable des contenus propos\u00e9s sur ces sites, ni de la disponibilit\u00e9 des contenus, ceux-ci \u00e9tant soumis \u00e0 la responsabilit\u00e9 de leurs \u00e9diteurs respectifs. Nous ne pouvons en aucun cas \u00eatre tenus responsables des \u00e9ventuels d\u00e9fauts, erreurs ou omissions existant dans ce site, et des \u00e9ventuelles pertes financi\u00e8res ou autres dommages pouvant en r\u00e9sulter.<\/p>\n<p style=\"text-align: justify;\">Dans le cadre de votre navigation, un cookie peut \u00eatre install\u00e9 dans votre ordinateur. Il stocke des informations relatives \u00e0 votre navigation sur notre site (les pages que vous avez consult\u00e9es, la date et l&#8217;heure de la consultation, etc.). Nous pourrons lire ces informations lors de vos prochaines visites. La dur\u00e9e de conservation de ces informations dans votre ordinateur est de 30 jours. Ce cookie ne nous permet pas de vous identifier.<\/p>\n<h4 style=\"text-align: justify;\">Comment supprimer les cookies ?<\/h4>\n<p style=\"text-align: justify;\">Vous pouvez d\u00e9sactiver les cookies.<br \/>\nVotre navigateur peut \u00e9galement \u00eatre param\u00e9tr\u00e9 pour vous signaler les cookies qui sont d\u00e9pos\u00e9s dans votre ordinateur et vous demander de les accepter ou non. Vous pouvez accepter ou refuser les cookies au cas par cas ou bien les refuser syst\u00e9matiquement une fois pour toutes.<br \/>\nNous vous rappelons que le param\u00e9trage est susceptible de modifier vos conditions d\u2019acc\u00e8s \u00e0 nos services n\u00e9cessitant l\u2019utilisation de cookies.<br \/>\nAttention, si votre navigateur est configur\u00e9 de mani\u00e8re \u00e0 refuser l\u2019ensemble des cookies, vous ne pourrez pas profiter de certains services propos\u00e9s sur service-public.fr.<\/p>\n<p style=\"text-align: justify;\">La configuration de chaque navigateur est diff\u00e9rente. Elle est d\u00e9crite dans le menu d\u2019aide de votre navigateur, qui vous permettra de savoir de quelle mani\u00e8re modifier vos souhaits en mati\u00e8re de cookies.<\/p>\n<p style=\"text-align: justify;\">Vous pouvez d\u00e9sactiver les cookies en suivant les instructions comme suit :<\/p>\n<ul>\n<li><strong>Internet Explorer<\/strong>\n<ul>\n<li>Dans Internet Explorer, cliquez sur le bouton \u00ab Outils \u00bb, puis sur \u00ab Options Internet \u00bb.<\/li>\n<li>Sous l\u2019onglet \u00ab G\u00e9n\u00e9ral \u00bb, sous \u00ab Historique de navigation \u00bb, cliquez sur \u00ab Param\u00e8tres \u00bb.<\/li>\n<li>Cliquez sur le bouton \u00ab Afficher les fichiers \u00bb.<\/li>\n<li>Cliquez sur l\u2019en-t\u00eate de colonne \u00ab Nom \u00bb pour trier tous les fichiers dans l\u2019ordre alphab\u00e9tique, puis parcourez la liste jusqu\u2019\u00e0 ce que vous voyez des fichiers commen\u00e7ant par le pr\u00e9fixe \u00ab Cookie \u00bb (tous les cookies poss\u00e8dent ce pr\u00e9fixe et contiennent habituellement le nom du site Web qui a cr\u00e9\u00e9 le cookie).<\/li>\n<li>S\u00e9lectionnez-le ou les cookies comprenant le nom \u00ab xxx (nom de votre site \u00bb et supprimez-les.Fermez la fen\u00eatre qui contient la liste des fichiers, puis cliquez deux fois sur OK pour retourner dans Internet Explorer.<\/li>\n<li>Pr\u00e9cisions, actualisation : voir la page d\u2019aide du navigateur :<\/li>\n<li><a href=\"http:\/\/windows.microsoft.com\/fr-FR\/windows-vista\/Block-or-allow-cookies\" target=\"_blank\" rel=\"noopener\">http:\/\/windows.microsoft.com\/fr-FR\/windows-vista\/Block-or-allow-cookies<\/a><\/li>\n<\/ul>\n<\/li>\n<\/ul>\n<ul>\n<li style=\"text-align: justify;\">&nbsp;<strong>Firefox<\/strong>\n<ul>\n<li style=\"text-align: justify;\">Allez dans l\u2019onglet \u00ab Outils \u00bb du navigateur puis s\u00e9lectionnez le menu \u00ab Options \u00bb.<\/li>\n<li style=\"text-align: justify;\">Dans la fen\u00eatre qui s\u2019affiche, choisissez \u00ab Vie priv\u00e9e \u00bb et cliquez sur \u00ab Affichez les cookies \u00bb.<\/li>\n<li style=\"text-align: justify;\">Dans la fen\u00eatre qui s\u2019affiche, choisissez \u00ab Vie priv\u00e9e \u00bb et cliquez sur \u00ab Affichez les cookies \u00bb<\/li>\n<li style=\"text-align: justify;\">Rep\u00e9rez les fichiers qui contiennent le nom \u00ab xxx (nom de votre site \u00bb s\u00e9lectionnez-les et supprimez-les.<\/li>\n<li style=\"text-align: justify;\">Pr\u00e9cisions, actualisation : voir la page d\u2019aide du navigateur :<br \/>\n<a href=\"https:\/\/support.mozilla.org\/fr\/kb\/activer-desactiver-cookies\" target=\"_blank\" rel=\"noopener\">https:\/\/support.mozilla.org\/fr\/kb\/activer-desactiver-cookies<\/a><\/li>\n<\/ul>\n<\/li>\n<\/ul>\n<ul>\n<li style=\"text-align: justify;\"><strong>Safari<\/strong>\n<ul>\n<li style=\"text-align: justify;\">Dans votre navigateur, choisissez le menu \u00ab \u00c9dition &gt; Pr\u00e9f\u00e9rences \u00bb.<\/li>\n<li style=\"text-align: justify;\">Cliquez sur \u00ab S\u00e9curit\u00e9 \u00bb.<\/li>\n<li style=\"text-align: justify;\">Cliquez sur \u00ab Afficher les cookies \u00bb.<\/li>\n<li style=\"text-align: justify;\">S\u00e9lectionnez les cookies qui contiennent le nom \u00ab xxx (nom de votre site \u00bb et cliquez sur \u00ab Effacer \u00bb ou sur \u00ab Tout effacer \u00bb.<\/li>\n<li style=\"text-align: justify;\">Apr\u00e8s avoir supprim\u00e9 les cookies, cliquez sur \u00ab Termin\u00e9 \u00bb.<\/li>\n<li style=\"text-align: justify;\">Pr\u00e9cisions, actualisation : voir la page d\u2019aide du navigateur :<br \/>\n<a href=\"http:\/\/support.apple.com\/kb\/index?page=search&amp;src=support_site.globalheader.search&amp;locale=fr_FR&amp;q=cookies%20effacer\" target=\"_blank\" rel=\"noopener\">http:\/\/support.apple.com\/kb\/index?page=search&amp;src=support_site.globalheader.search&amp;locale=fr_FR&amp;q=cookies%20effacer<\/a><\/li>\n<\/ul>\n<\/li>\n<\/ul>\n<ul>\n<li><strong>Google Chrome<\/strong>\n<ul>\n<li>Cliquez sur l\u2019ic\u00f4ne du menu \u00ab Outils \u00bb.<\/li>\n<li>S\u00e9lectionnez \u00ab Options \u00bb.<\/li>\n<li>Cliquez sur l\u2019onglet \u00ab Options avanc\u00e9es \u00bb et acc\u00e9dez \u00e0 la section \u00ab Confidentialit\u00e9 \u00bb.<\/li>\n<li>Cliquez sur le bouton \u00ab Afficher les cookies \u00bb.<\/li>\n<li>Rep\u00e9rez les fichiers qui contiennent le nom \u00ab xxx (nom de votre site) \u00bb<\/li>\n<li>S\u00e9lectionnez-les et supprimez-les.<\/li>\n<li>Cliquez sur \u00ab Fermer \u00bb pour revenir \u00e0 votre navigateur.<\/li>\n<li>Pr\u00e9cisions, actualisation : voir la page d\u2019aide du navigateur :<br \/>\n<a href=\"https:\/\/support.google.com\/chrome\/answer\/95647\" target=\"_blank\" rel=\"noopener\">https:\/\/support.google.com\/chrome\/answer\/95647<\/a><\/li>\n<\/ul>\n<\/li>\n<\/ul>\n<ul>\n<li style=\"text-align: justify;\"><strong>Op\u00e9ra<\/strong>\n<ul>\n<li style=\"text-align: justify;\">Pr\u00e9cisions, actualisation : voir la page d\u2019aide du navigateur :<br \/>\n<a href=\"http:\/\/help.opera.com\/Windows\/10.20\/fr\/cookies.html\" target=\"_blank\" rel=\"noopener\">http:\/\/help.opera.com\/Windows\/10.20\/fr\/cookies.html<\/a><\/li>\n<\/ul>\n<\/li>\n<\/ul>\n","protected":false},"excerpt":{"rendered":"<p>Editeur du site : Thierry DOURDET Directeur de publication : Thierry DOURDET Adresse exploit\u00e9e pour le site : http:\/\/www.thierry-dourdet.com Moteur du site : WordPress\u2122 &#8211; http:\/\/www.wordpress.com H\u00e9bergement : Ovh &#8211; http:\/\/www.ovh.com L&#8217;ensemble de ce site rel\u00e8ve des l\u00e9gislations fran\u00e7aise et internationale sur le droit d&#8217;auteur et la propri\u00e9t\u00e9 intellectuelle. Tous les droits de reproduction sont [&hellip;]<\/p>\n","protected":false},"author":1,"featured_media":4502,"parent":0,"menu_order":223,"comment_status":"closed","ping_status":"closed","template":"","meta":{"_genesis_hide_title":false,"_genesis_hide_breadcrumbs":false,"_genesis_hide_singular_image":false,"_genesis_hide_footer_widgets":false,"_genesis_custom_body_class":"","_genesis_custom_post_class":"","_genesis_layout":"","ngg_post_thumbnail":0,"footnotes":""},"class_list":{"0":"post-674","1":"page","2":"type-page","3":"status-publish","4":"has-post-thumbnail","6":"entry"},"yoast_head":"<!-- This site is optimized with the Yoast SEO plugin v27.3 - https:\/\/yoast.com\/product\/yoast-seo-wordpress\/ -->\n<title>Mentions l\u00e9gales - Thierry DOURDET<\/title>\n<meta name=\"robots\" content=\"index, follow, max-snippet:-1, max-image-preview:large, max-video-preview:-1\" \/>\n<link rel=\"canonical\" href=\"https:\/\/www.thierry-dourdet.com\/en\/mentions-legales\/\" \/>\n<meta property=\"og:locale\" content=\"en_US\" \/>\n<meta property=\"og:type\" content=\"article\" \/>\n<meta property=\"og:title\" content=\"Mentions l\u00e9gales - Thierry DOURDET\" \/>\n<meta property=\"og:description\" content=\"Editeur du site : Thierry DOURDET Directeur de publication : Thierry DOURDET Adresse exploit\u00e9e pour le site : http:\/\/www.thierry-dourdet.com Moteur du site : WordPress\u2122 &#8211; http:\/\/www.wordpress.com H\u00e9bergement : Ovh &#8211; http:\/\/www.ovh.com L&#8217;ensemble de ce site rel\u00e8ve des l\u00e9gislations fran\u00e7aise et internationale sur le droit d&#8217;auteur et la propri\u00e9t\u00e9 intellectuelle. Tous les droits de reproduction sont [&hellip;]\" \/>\n<meta property=\"og:url\" content=\"https:\/\/www.thierry-dourdet.com\/en\/mentions-legales\/\" \/>\n<meta property=\"og:site_name\" content=\"Thierry DOURDET\" \/>\n<meta property=\"article:modified_time\" content=\"2017-10-31T00:00:21+00:00\" \/>\n<meta property=\"og:image\" content=\"https:\/\/www.thierry-dourdet.com\/wp-content\/uploads\/2014\/09\/Icon-Page.png\" \/>\n\t<meta property=\"og:image:width\" content=\"200\" \/>\n\t<meta property=\"og:image:height\" content=\"200\" \/>\n\t<meta property=\"og:image:type\" content=\"image\/png\" \/>\n<meta name=\"twitter:label1\" content=\"Est. reading time\" \/>\n\t<meta name=\"twitter:data1\" content=\"5 minutes\" \/>\n<script type=\"application\/ld+json\" class=\"yoast-schema-graph\">{\"@context\":\"https:\\\/\\\/schema.org\",\"@graph\":[{\"@type\":\"WebPage\",\"@id\":\"https:\\\/\\\/www.thierry-dourdet.com\\\/en\\\/mentions-legales\\\/\",\"url\":\"https:\\\/\\\/www.thierry-dourdet.com\\\/en\\\/mentions-legales\\\/\",\"name\":\"Mentions l\u00e9gales - Thierry DOURDET\",\"isPartOf\":{\"@id\":\"https:\\\/\\\/www.thierry-dourdet.com\\\/en\\\/#website\"},\"primaryImageOfPage\":{\"@id\":\"https:\\\/\\\/www.thierry-dourdet.com\\\/en\\\/mentions-legales\\\/#primaryimage\"},\"image\":{\"@id\":\"https:\\\/\\\/www.thierry-dourdet.com\\\/en\\\/mentions-legales\\\/#primaryimage\"},\"thumbnailUrl\":\"https:\\\/\\\/www.thierry-dourdet.com\\\/wp-content\\\/uploads\\\/2014\\\/09\\\/Icon-Page.png\",\"datePublished\":\"2014-09-07T15:49:48+00:00\",\"dateModified\":\"2017-10-31T00:00:21+00:00\",\"breadcrumb\":{\"@id\":\"https:\\\/\\\/www.thierry-dourdet.com\\\/en\\\/mentions-legales\\\/#breadcrumb\"},\"inLanguage\":\"en-US\",\"potentialAction\":[{\"@type\":\"ReadAction\",\"target\":[\"https:\\\/\\\/www.thierry-dourdet.com\\\/en\\\/mentions-legales\\\/\"]}]},{\"@type\":\"ImageObject\",\"inLanguage\":\"en-US\",\"@id\":\"https:\\\/\\\/www.thierry-dourdet.com\\\/en\\\/mentions-legales\\\/#primaryimage\",\"url\":\"https:\\\/\\\/www.thierry-dourdet.com\\\/wp-content\\\/uploads\\\/2014\\\/09\\\/Icon-Page.png\",\"contentUrl\":\"https:\\\/\\\/www.thierry-dourdet.com\\\/wp-content\\\/uploads\\\/2014\\\/09\\\/Icon-Page.png\",\"width\":200,\"height\":200},{\"@type\":\"BreadcrumbList\",\"@id\":\"https:\\\/\\\/www.thierry-dourdet.com\\\/en\\\/mentions-legales\\\/#breadcrumb\",\"itemListElement\":[{\"@type\":\"ListItem\",\"position\":1,\"name\":\"Accueil\",\"item\":\"https:\\\/\\\/www.thierry-dourdet.com\\\/en\\\/\"},{\"@type\":\"ListItem\",\"position\":2,\"name\":\"Mentions l\u00e9gales\"}]},{\"@type\":\"WebSite\",\"@id\":\"https:\\\/\\\/www.thierry-dourdet.com\\\/en\\\/#website\",\"url\":\"https:\\\/\\\/www.thierry-dourdet.com\\\/en\\\/\",\"name\":\"Thierry DOURDET\",\"description\":\"Photographe Urbain\",\"potentialAction\":[{\"@type\":\"SearchAction\",\"target\":{\"@type\":\"EntryPoint\",\"urlTemplate\":\"https:\\\/\\\/www.thierry-dourdet.com\\\/en\\\/?s={search_term_string}\"},\"query-input\":{\"@type\":\"PropertyValueSpecification\",\"valueRequired\":true,\"valueName\":\"search_term_string\"}}],\"inLanguage\":\"en-US\"}]}<\/script>\n<!-- \/ Yoast SEO plugin. -->","yoast_head_json":{"title":"Mentions l\u00e9gales - Thierry DOURDET","robots":{"index":"index","follow":"follow","max-snippet":"max-snippet:-1","max-image-preview":"max-image-preview:large","max-video-preview":"max-video-preview:-1"},"canonical":"https:\/\/www.thierry-dourdet.com\/en\/mentions-legales\/","og_locale":"en_US","og_type":"article","og_title":"Mentions l\u00e9gales - Thierry DOURDET","og_description":"Editeur du site : Thierry DOURDET Directeur de publication : Thierry DOURDET Adresse exploit\u00e9e pour le site : http:\/\/www.thierry-dourdet.com Moteur du site : WordPress\u2122 &#8211; http:\/\/www.wordpress.com H\u00e9bergement : Ovh &#8211; http:\/\/www.ovh.com L&#8217;ensemble de ce site rel\u00e8ve des l\u00e9gislations fran\u00e7aise et internationale sur le droit d&#8217;auteur et la propri\u00e9t\u00e9 intellectuelle. Tous les droits de reproduction sont [&hellip;]","og_url":"https:\/\/www.thierry-dourdet.com\/en\/mentions-legales\/","og_site_name":"Thierry DOURDET","article_modified_time":"2017-10-31T00:00:21+00:00","og_image":[{"width":200,"height":200,"url":"https:\/\/www.thierry-dourdet.com\/wp-content\/uploads\/2014\/09\/Icon-Page.png","type":"image\/png"}],"twitter_misc":{"Est. reading time":"5 minutes"},"schema":{"@context":"https:\/\/schema.org","@graph":[{"@type":"WebPage","@id":"https:\/\/www.thierry-dourdet.com\/en\/mentions-legales\/","url":"https:\/\/www.thierry-dourdet.com\/en\/mentions-legales\/","name":"Mentions l\u00e9gales - Thierry DOURDET","isPartOf":{"@id":"https:\/\/www.thierry-dourdet.com\/en\/#website"},"primaryImageOfPage":{"@id":"https:\/\/www.thierry-dourdet.com\/en\/mentions-legales\/#primaryimage"},"image":{"@id":"https:\/\/www.thierry-dourdet.com\/en\/mentions-legales\/#primaryimage"},"thumbnailUrl":"https:\/\/www.thierry-dourdet.com\/wp-content\/uploads\/2014\/09\/Icon-Page.png","datePublished":"2014-09-07T15:49:48+00:00","dateModified":"2017-10-31T00:00:21+00:00","breadcrumb":{"@id":"https:\/\/www.thierry-dourdet.com\/en\/mentions-legales\/#breadcrumb"},"inLanguage":"en-US","potentialAction":[{"@type":"ReadAction","target":["https:\/\/www.thierry-dourdet.com\/en\/mentions-legales\/"]}]},{"@type":"ImageObject","inLanguage":"en-US","@id":"https:\/\/www.thierry-dourdet.com\/en\/mentions-legales\/#primaryimage","url":"https:\/\/www.thierry-dourdet.com\/wp-content\/uploads\/2014\/09\/Icon-Page.png","contentUrl":"https:\/\/www.thierry-dourdet.com\/wp-content\/uploads\/2014\/09\/Icon-Page.png","width":200,"height":200},{"@type":"BreadcrumbList","@id":"https:\/\/www.thierry-dourdet.com\/en\/mentions-legales\/#breadcrumb","itemListElement":[{"@type":"ListItem","position":1,"name":"Accueil","item":"https:\/\/www.thierry-dourdet.com\/en\/"},{"@type":"ListItem","position":2,"name":"Mentions l\u00e9gales"}]},{"@type":"WebSite","@id":"https:\/\/www.thierry-dourdet.com\/en\/#website","url":"https:\/\/www.thierry-dourdet.com\/en\/","name":"Thierry DOURDET","description":"Photographe Urbain","potentialAction":[{"@type":"SearchAction","target":{"@type":"EntryPoint","urlTemplate":"https:\/\/www.thierry-dourdet.com\/en\/?s={search_term_string}"},"query-input":{"@type":"PropertyValueSpecification","valueRequired":true,"valueName":"search_term_string"}}],"inLanguage":"en-US"}]}},"_links":{"self":[{"href":"https:\/\/www.thierry-dourdet.com\/en\/wp-json\/wp\/v2\/pages\/674","targetHints":{"allow":["GET"]}}],"collection":[{"href":"https:\/\/www.thierry-dourdet.com\/en\/wp-json\/wp\/v2\/pages"}],"about":[{"href":"https:\/\/www.thierry-dourdet.com\/en\/wp-json\/wp\/v2\/types\/page"}],"author":[{"embeddable":true,"href":"https:\/\/www.thierry-dourdet.com\/en\/wp-json\/wp\/v2\/users\/1"}],"replies":[{"embeddable":true,"href":"https:\/\/www.thierry-dourdet.com\/en\/wp-json\/wp\/v2\/comments?post=674"}],"version-history":[{"count":0,"href":"https:\/\/www.thierry-dourdet.com\/en\/wp-json\/wp\/v2\/pages\/674\/revisions"}],"wp:featuredmedia":[{"embeddable":true,"href":"https:\/\/www.thierry-dourdet.com\/en\/wp-json\/wp\/v2\/media\/4502"}],"wp:attachment":[{"href":"https:\/\/www.thierry-dourdet.com\/en\/wp-json\/wp\/v2\/media?parent=674"}],"curies":[{"name":"wp","href":"https:\/\/api.w.org\/{rel}","templated":true}]}}