{"id":1862,"date":"2014-09-19T15:25:25","date_gmt":"2014-09-19T14:25:25","guid":{"rendered":"http:\/\/www.thierry-dourdet.com\/?page_id=1862"},"modified":"2022-11-13T12:57:04","modified_gmt":"2022-11-13T11:57:04","slug":"grand-hotel-du-palais-royal","status":"publish","type":"page","link":"https:\/\/www.thierry-dourdet.com\/en\/works_art\/grand-hotel-du-palais-royal\/","title":{"rendered":"Grand H\u00f4tel du Palais-Royal"},"content":{"rendered":"<div class=\"pt-cv-wrapper\"><div class=\"pt-cv-view pt-cv-grid pt-cv-colsys pt-cv-same-height pt-cv-justify\" id=\"pt-cv-view-9eb00fdumw\"><div data-id=\"pt-cv-page-1\" class=\"pt-cv-page\" data-cvc=\"3\" data-cvct=\"1\" data-cvcm=\"1\"><div class=\"col-md-4 col-sm-12 col-xs-12 pt-cv-content-item pt-cv-1-col\"  data-pid=\"8302\"><div class='pt-cv-ifield'><a href=\"https:\/\/www.thierry-dourdet.com\/en\/works_art\/grand-hotel-du-palais-royal\/la-preface\/\" class=\"_self pt-cv-href-thumbnail pt-cv-thumb-default cvplbd cvp-responsive-image img-none\" target=\"_self\" data-iw=\"400\" data-ih=\"300\"><img loading=\"lazy\" decoding=\"async\" width=\"1200\" height=\"798\" src=\"https:\/\/www.thierry-dourdet.com\/wp-content\/uploads\/2021\/06\/nggallery_import\/DSC7234.jpg\" class=\"pt-cv-thumbnail img-none skip-lazy \" alt=\"La Pr\u00e9face\" \/><\/a>\n<h4 class=\"pt-cv-title\"><a href=\"https:\/\/www.thierry-dourdet.com\/en\/works_art\/grand-hotel-du-palais-royal\/la-preface\/\" class=\"_self cvplbd\" target=\"_self\" data-iw=\"400\" data-ih=\"300\">La Pr\u00e9face<\/a><\/h4><\/div><\/div>\n<div class=\"col-md-4 col-sm-12 col-xs-12 pt-cv-content-item pt-cv-1-col\"  data-pid=\"8306\"><div class='pt-cv-ifield'><a href=\"https:\/\/www.thierry-dourdet.com\/en\/works_art\/grand-hotel-du-palais-royal\/le-livre\/\" class=\"_self pt-cv-href-thumbnail pt-cv-thumb-default cvplbd cvp-responsive-image img-none\" target=\"_self\" data-iw=\"400\" data-ih=\"300\"><img loading=\"lazy\" decoding=\"async\" width=\"800\" height=\"800\" src=\"https:\/\/www.thierry-dourdet.com\/wp-content\/uploads\/2021\/04\/palais-royal.jpg\" class=\"pt-cv-thumbnail img-none skip-lazy \" alt=\"Le Livre\" \/><\/a>\n<h4 class=\"pt-cv-title\"><a href=\"https:\/\/www.thierry-dourdet.com\/en\/works_art\/grand-hotel-du-palais-royal\/le-livre\/\" class=\"_self cvplbd\" target=\"_self\" data-iw=\"400\" data-ih=\"300\">Le Livre<\/a><\/h4><\/div><\/div>\n<div class=\"col-md-4 col-sm-12 col-xs-12 pt-cv-content-item pt-cv-1-col\"  data-pid=\"8310\"><div class='pt-cv-ifield'><a href=\"https:\/\/www.thierry-dourdet.com\/en\/works_art\/grand-hotel-du-palais-royal\/les-photos\/\" class=\"_self pt-cv-href-thumbnail pt-cv-thumb-default cvplbd cvp-responsive-image img-none\" target=\"_self\" data-iw=\"400\" data-ih=\"300\"><img loading=\"lazy\" decoding=\"async\" width=\"1200\" height=\"798\" src=\"https:\/\/www.thierry-dourdet.com\/wp-content\/uploads\/2021\/06\/nggallery_import\/DSC7342.jpg\" class=\"pt-cv-thumbnail img-none skip-lazy \" alt=\"Les Photos\" \/><\/a>\n<h4 class=\"pt-cv-title\"><a href=\"https:\/\/www.thierry-dourdet.com\/en\/works_art\/grand-hotel-du-palais-royal\/les-photos\/\" class=\"_self cvplbd\" target=\"_self\" data-iw=\"400\" data-ih=\"300\">Les Photos<\/a><\/h4><\/div><\/div><\/div><\/div><\/div>\t\t\t<style type=\"text\/css\" id=\"pt-cv-inline-style-a4f604c86i\">#pt-cv-view-9eb00fdumw .pt-cv-title a, #pt-cv-view-9eb00fdumw  .panel-title { font-weight: 600 !important; }\n#pt-cv-view-9eb00fdumw .pt-cv-readmore  { color: #ffffff !important; background-color: #00aeef !important; }\n#pt-cv-view-9eb00fdumw .pt-cv-readmore:hover  { color: #ffffff !important; background-color: #00aeef !important; }\n#pt-cv-view-9eb00fdumw .cvp-responsive-image[style*=\"background-image\"] { width: 400px; max-height: 300px; overflow: hidden; aspect-ratio: 1.3333333333333 }\n#pt-cv-view-9eb00fdumw .cvp-responsive-image img { max-width: 400px; max-height: 300px; aspect-ratio: 1.3333333333333 }\n#pt-cv-view-9eb00fdumw { text-align: justify; }<\/style>\r\n\t\t\t\n<h4 style=\"text-align: justify;\"><strong>\u00ab <a title=\"Grand H\u00f4tel du Palais-Royal\" href=\"http:\/\/www.thierry-dourdet.com\/works-art\/grand-hotel-du-palais-royal\">Paris, C\u00f4t\u00e9 Palais Royal<\/a> \u00bb, un beau livre doubl\u00e9 d\u2019une anthologie litt\u00e9raire <\/strong><\/h4>\n<p style=\"text-align: justify;\">\u00c0 travers plus de 60 photos en noir et blanc, ponctu\u00e9es de citations de Diderot \u00e0 Philippe Delerm, sans oublier Colette, ce beau livre offre une promenade litt\u00e9raire qui r\u00e9v\u00e8le la richesse de ce quartier de Paris, \u00e0 la fois \u00e9crin patrimonial et contemporain. Gr\u00e2ce \u00e0 la sensibilit\u00e9 urbaine de Thierry Dourdet, ce reportage r\u00e9v\u00e8le, sugg\u00e8re \u00ab l\u2019\u00e2me du Palais-Royal \u00bb, entrecroisant bistrots et restaurants, monuments et th\u00e9\u00e2tres, jardins et fontaines, artisans et cr\u00e9ateurs\u2026., en partant du 4, rue de Valois, une adresse prestigieuse, celle du Grand H\u00f4tel du <a title=\"Thierry DOURDET \u00ab C\u00f4t\u00e9 Palais-Royal \u00bb\" href=\"http:\/\/www.thierry-dourdet.com\/thierry-dourdet-cote-palais-royal\">Palais Royal<\/a>.<\/p>\n<p>\u00c0 la gen\u00e8se de ce projet ?<br \/>\nUne commande de photographies du Grand H\u00f4tel du Palais-Royal qui souhaitait d\u00e9corer les six \u00e9tages de son \u00e9tablissement.<br \/>\nLe r\u00e9sultat ?<br \/>\nUn livre de qualit\u00e9, souvenir id\u00e9al pour les clients en prolongement de leur s\u00e9jour, qui restera la plus belle carte de visite de l\u2019h\u00f4tel.<\/p>\n<p style=\"text-align: justify;\"><strong>\u00ab <em>Paris, C\u00f4t\u00e9 Palais Royal <\/em>\u00bb : un livre en \u00e9dition limit\u00e9e, en vente exclusivement \u00e0 l\u2019h\u00f4tel.<\/strong><br \/>\nCon\u00e7u et r\u00e9alis\u00e9 par Chemin Lisant, agence de communication par le livre.<br \/>\n96 pages &#8211; 240 x 320 mm<\/p>\n","protected":false},"excerpt":{"rendered":"<p>\u00ab Paris, C\u00f4t\u00e9 Palais Royal \u00bb, un beau livre doubl\u00e9 d\u2019une anthologie litt\u00e9raire \u00c0 travers plus de 60 photos en noir et blanc, ponctu\u00e9es de citations de Diderot \u00e0 Philippe Delerm, sans oublier Colette, ce beau livre offre une promenade litt\u00e9raire qui r\u00e9v\u00e8le la richesse de ce quartier de Paris, \u00e0 la fois \u00e9crin patrimonial [&hellip;]<\/p>\n","protected":false},"author":1,"featured_media":7575,"parent":1847,"menu_order":197,"comment_status":"closed","ping_status":"closed","template":"","meta":{"_genesis_hide_title":false,"_genesis_hide_breadcrumbs":false,"_genesis_hide_singular_image":false,"_genesis_hide_footer_widgets":false,"_genesis_custom_body_class":"","_genesis_custom_post_class":"","_genesis_layout":"","ngg_post_thumbnail":0,"footnotes":""},"class_list":{"0":"post-1862","1":"page","2":"type-page","3":"status-publish","4":"has-post-thumbnail","6":"entry"},"yoast_head":"<!-- This site is optimized with the Yoast SEO plugin v27.3 - https:\/\/yoast.com\/product\/yoast-seo-wordpress\/ -->\n<title>Grand H\u00f4tel du Palais-Royal - Thierry DOURDET<\/title>\n<meta name=\"robots\" content=\"index, follow, max-snippet:-1, max-image-preview:large, max-video-preview:-1\" \/>\n<link rel=\"canonical\" href=\"https:\/\/www.thierry-dourdet.com\/en\/works_art\/grand-hotel-du-palais-royal\/\" \/>\n<meta property=\"og:locale\" content=\"en_US\" \/>\n<meta property=\"og:type\" content=\"article\" \/>\n<meta property=\"og:title\" content=\"Grand H\u00f4tel du Palais-Royal - Thierry DOURDET\" \/>\n<meta property=\"og:description\" content=\"\u00ab Paris, C\u00f4t\u00e9 Palais Royal \u00bb, un beau livre doubl\u00e9 d\u2019une anthologie litt\u00e9raire \u00c0 travers plus de 60 photos en noir et blanc, ponctu\u00e9es de citations de Diderot \u00e0 Philippe Delerm, sans oublier Colette, ce beau livre offre une promenade litt\u00e9raire qui r\u00e9v\u00e8le la richesse de ce quartier de Paris, \u00e0 la fois \u00e9crin patrimonial [&hellip;]\" \/>\n<meta property=\"og:url\" content=\"https:\/\/www.thierry-dourdet.com\/en\/works_art\/grand-hotel-du-palais-royal\/\" \/>\n<meta property=\"og:site_name\" content=\"Thierry DOURDET\" \/>\n<meta property=\"article:modified_time\" content=\"2022-11-13T11:57:04+00:00\" \/>\n<meta property=\"og:image\" content=\"https:\/\/www.thierry-dourdet.com\/wp-content\/uploads\/2021\/04\/palais-royal.jpg\" \/>\n\t<meta property=\"og:image:width\" content=\"800\" \/>\n\t<meta property=\"og:image:height\" content=\"800\" \/>\n\t<meta property=\"og:image:type\" content=\"image\/jpeg\" \/>\n<meta name=\"twitter:label1\" content=\"Est. reading time\" \/>\n\t<meta name=\"twitter:data1\" content=\"1 minute\" \/>\n<script type=\"application\/ld+json\" class=\"yoast-schema-graph\">{\"@context\":\"https:\\\/\\\/schema.org\",\"@graph\":[{\"@type\":\"WebPage\",\"@id\":\"https:\\\/\\\/www.thierry-dourdet.com\\\/en\\\/works_art\\\/grand-hotel-du-palais-royal\\\/\",\"url\":\"https:\\\/\\\/www.thierry-dourdet.com\\\/en\\\/works_art\\\/grand-hotel-du-palais-royal\\\/\",\"name\":\"Grand H\u00f4tel du Palais-Royal - Thierry DOURDET\",\"isPartOf\":{\"@id\":\"https:\\\/\\\/www.thierry-dourdet.com\\\/en\\\/#website\"},\"primaryImageOfPage\":{\"@id\":\"https:\\\/\\\/www.thierry-dourdet.com\\\/en\\\/works_art\\\/grand-hotel-du-palais-royal\\\/#primaryimage\"},\"image\":{\"@id\":\"https:\\\/\\\/www.thierry-dourdet.com\\\/en\\\/works_art\\\/grand-hotel-du-palais-royal\\\/#primaryimage\"},\"thumbnailUrl\":\"https:\\\/\\\/www.thierry-dourdet.com\\\/wp-content\\\/uploads\\\/2021\\\/04\\\/palais-royal.jpg\",\"datePublished\":\"2014-09-19T14:25:25+00:00\",\"dateModified\":\"2022-11-13T11:57:04+00:00\",\"breadcrumb\":{\"@id\":\"https:\\\/\\\/www.thierry-dourdet.com\\\/en\\\/works_art\\\/grand-hotel-du-palais-royal\\\/#breadcrumb\"},\"inLanguage\":\"en-US\",\"potentialAction\":[{\"@type\":\"ReadAction\",\"target\":[\"https:\\\/\\\/www.thierry-dourdet.com\\\/en\\\/works_art\\\/grand-hotel-du-palais-royal\\\/\"]}]},{\"@type\":\"ImageObject\",\"inLanguage\":\"en-US\",\"@id\":\"https:\\\/\\\/www.thierry-dourdet.com\\\/en\\\/works_art\\\/grand-hotel-du-palais-royal\\\/#primaryimage\",\"url\":\"https:\\\/\\\/www.thierry-dourdet.com\\\/wp-content\\\/uploads\\\/2021\\\/04\\\/palais-royal.jpg\",\"contentUrl\":\"https:\\\/\\\/www.thierry-dourdet.com\\\/wp-content\\\/uploads\\\/2021\\\/04\\\/palais-royal.jpg\",\"width\":800,\"height\":800},{\"@type\":\"BreadcrumbList\",\"@id\":\"https:\\\/\\\/www.thierry-dourdet.com\\\/en\\\/works_art\\\/grand-hotel-du-palais-royal\\\/#breadcrumb\",\"itemListElement\":[{\"@type\":\"ListItem\",\"position\":1,\"name\":\"Accueil\",\"item\":\"https:\\\/\\\/www.thierry-dourdet.com\\\/en\\\/\"},{\"@type\":\"ListItem\",\"position\":2,\"name\":\"Works Art\",\"item\":\"https:\\\/\\\/www.thierry-dourdet.com\\\/en\\\/works_art\\\/\"},{\"@type\":\"ListItem\",\"position\":3,\"name\":\"Grand H\u00f4tel du Palais-Royal\"}]},{\"@type\":\"WebSite\",\"@id\":\"https:\\\/\\\/www.thierry-dourdet.com\\\/en\\\/#website\",\"url\":\"https:\\\/\\\/www.thierry-dourdet.com\\\/en\\\/\",\"name\":\"Thierry DOURDET\",\"description\":\"Photographe Urbain\",\"potentialAction\":[{\"@type\":\"SearchAction\",\"target\":{\"@type\":\"EntryPoint\",\"urlTemplate\":\"https:\\\/\\\/www.thierry-dourdet.com\\\/en\\\/?s={search_term_string}\"},\"query-input\":{\"@type\":\"PropertyValueSpecification\",\"valueRequired\":true,\"valueName\":\"search_term_string\"}}],\"inLanguage\":\"en-US\"}]}<\/script>\n<!-- \/ Yoast SEO plugin. -->","yoast_head_json":{"title":"Grand H\u00f4tel du Palais-Royal - Thierry DOURDET","robots":{"index":"index","follow":"follow","max-snippet":"max-snippet:-1","max-image-preview":"max-image-preview:large","max-video-preview":"max-video-preview:-1"},"canonical":"https:\/\/www.thierry-dourdet.com\/en\/works_art\/grand-hotel-du-palais-royal\/","og_locale":"en_US","og_type":"article","og_title":"Grand H\u00f4tel du Palais-Royal - Thierry DOURDET","og_description":"\u00ab Paris, C\u00f4t\u00e9 Palais Royal \u00bb, un beau livre doubl\u00e9 d\u2019une anthologie litt\u00e9raire \u00c0 travers plus de 60 photos en noir et blanc, ponctu\u00e9es de citations de Diderot \u00e0 Philippe Delerm, sans oublier Colette, ce beau livre offre une promenade litt\u00e9raire qui r\u00e9v\u00e8le la richesse de ce quartier de Paris, \u00e0 la fois \u00e9crin patrimonial [&hellip;]","og_url":"https:\/\/www.thierry-dourdet.com\/en\/works_art\/grand-hotel-du-palais-royal\/","og_site_name":"Thierry DOURDET","article_modified_time":"2022-11-13T11:57:04+00:00","og_image":[{"width":800,"height":800,"url":"https:\/\/www.thierry-dourdet.com\/wp-content\/uploads\/2021\/04\/palais-royal.jpg","type":"image\/jpeg"}],"twitter_misc":{"Est. reading time":"1 minute"},"schema":{"@context":"https:\/\/schema.org","@graph":[{"@type":"WebPage","@id":"https:\/\/www.thierry-dourdet.com\/en\/works_art\/grand-hotel-du-palais-royal\/","url":"https:\/\/www.thierry-dourdet.com\/en\/works_art\/grand-hotel-du-palais-royal\/","name":"Grand H\u00f4tel du Palais-Royal - Thierry DOURDET","isPartOf":{"@id":"https:\/\/www.thierry-dourdet.com\/en\/#website"},"primaryImageOfPage":{"@id":"https:\/\/www.thierry-dourdet.com\/en\/works_art\/grand-hotel-du-palais-royal\/#primaryimage"},"image":{"@id":"https:\/\/www.thierry-dourdet.com\/en\/works_art\/grand-hotel-du-palais-royal\/#primaryimage"},"thumbnailUrl":"https:\/\/www.thierry-dourdet.com\/wp-content\/uploads\/2021\/04\/palais-royal.jpg","datePublished":"2014-09-19T14:25:25+00:00","dateModified":"2022-11-13T11:57:04+00:00","breadcrumb":{"@id":"https:\/\/www.thierry-dourdet.com\/en\/works_art\/grand-hotel-du-palais-royal\/#breadcrumb"},"inLanguage":"en-US","potentialAction":[{"@type":"ReadAction","target":["https:\/\/www.thierry-dourdet.com\/en\/works_art\/grand-hotel-du-palais-royal\/"]}]},{"@type":"ImageObject","inLanguage":"en-US","@id":"https:\/\/www.thierry-dourdet.com\/en\/works_art\/grand-hotel-du-palais-royal\/#primaryimage","url":"https:\/\/www.thierry-dourdet.com\/wp-content\/uploads\/2021\/04\/palais-royal.jpg","contentUrl":"https:\/\/www.thierry-dourdet.com\/wp-content\/uploads\/2021\/04\/palais-royal.jpg","width":800,"height":800},{"@type":"BreadcrumbList","@id":"https:\/\/www.thierry-dourdet.com\/en\/works_art\/grand-hotel-du-palais-royal\/#breadcrumb","itemListElement":[{"@type":"ListItem","position":1,"name":"Accueil","item":"https:\/\/www.thierry-dourdet.com\/en\/"},{"@type":"ListItem","position":2,"name":"Works Art","item":"https:\/\/www.thierry-dourdet.com\/en\/works_art\/"},{"@type":"ListItem","position":3,"name":"Grand H\u00f4tel du Palais-Royal"}]},{"@type":"WebSite","@id":"https:\/\/www.thierry-dourdet.com\/en\/#website","url":"https:\/\/www.thierry-dourdet.com\/en\/","name":"Thierry DOURDET","description":"Photographe Urbain","potentialAction":[{"@type":"SearchAction","target":{"@type":"EntryPoint","urlTemplate":"https:\/\/www.thierry-dourdet.com\/en\/?s={search_term_string}"},"query-input":{"@type":"PropertyValueSpecification","valueRequired":true,"valueName":"search_term_string"}}],"inLanguage":"en-US"}]}},"_links":{"self":[{"href":"https:\/\/www.thierry-dourdet.com\/en\/wp-json\/wp\/v2\/pages\/1862","targetHints":{"allow":["GET"]}}],"collection":[{"href":"https:\/\/www.thierry-dourdet.com\/en\/wp-json\/wp\/v2\/pages"}],"about":[{"href":"https:\/\/www.thierry-dourdet.com\/en\/wp-json\/wp\/v2\/types\/page"}],"author":[{"embeddable":true,"href":"https:\/\/www.thierry-dourdet.com\/en\/wp-json\/wp\/v2\/users\/1"}],"replies":[{"embeddable":true,"href":"https:\/\/www.thierry-dourdet.com\/en\/wp-json\/wp\/v2\/comments?post=1862"}],"version-history":[{"count":3,"href":"https:\/\/www.thierry-dourdet.com\/en\/wp-json\/wp\/v2\/pages\/1862\/revisions"}],"predecessor-version":[{"id":8315,"href":"https:\/\/www.thierry-dourdet.com\/en\/wp-json\/wp\/v2\/pages\/1862\/revisions\/8315"}],"up":[{"embeddable":true,"href":"https:\/\/www.thierry-dourdet.com\/en\/wp-json\/wp\/v2\/pages\/1847"}],"wp:featuredmedia":[{"embeddable":true,"href":"https:\/\/www.thierry-dourdet.com\/en\/wp-json\/wp\/v2\/media\/7575"}],"wp:attachment":[{"href":"https:\/\/www.thierry-dourdet.com\/en\/wp-json\/wp\/v2\/media?parent=1862"}],"curies":[{"name":"wp","href":"https:\/\/api.w.org\/{rel}","templated":true}]}}